{"id":1374,"date":"2021-11-06T15:48:58","date_gmt":"2021-11-06T14:48:58","guid":{"rendered":"https:\/\/transmog.goldgoblin.net\/?page_id=1374"},"modified":"2024-02-08T08:23:51","modified_gmt":"2024-02-08T07:23:51","slug":"instanz-huegel-der-klingenhauer","status":"publish","type":"page","link":"https:\/\/transmog.goldgoblin.net\/de\/transmog-farmen\/instanz-huegel-der-klingenhauer\/","title":{"rendered":"H\u00fcgel der Klingenhauer"},"content":{"rendered":"\n<p>Im Gegensatz zu anderen Instanzen gibt es hier keine richtigen \u201eBig Ticket\u201c-Items wie z.B die&nbsp;<a href=\"http:\/\/de.wowhead.com\/item=14970\/glorreiche-beinplatten\" target=\"_blank\" rel=\"noreferrer noopener nofollow\">Glorreiche Beinplatten<\/a>. Daf\u00fcr bietet der <strong>H\u00fcgel der Klingenhauer<\/strong> viele Items, die einem konstanten Wert haben und auch nicht extrem selten sind. Auf seltenen Items wie z.B. der&nbsp;<a href=\"http:\/\/de.wowhead.com\/item=10583\/leichtkielharnisch\" target=\"_blank\" rel=\"noreferrer noopener nofollow\">Leichtkielharnisch<\/a>&nbsp;liegt unser Augenmerk.<\/p>\n\n\n\n<h2 class=\"wp-block-heading\">Zone:&nbsp;Tausend Nadeln (Kalimdor)<\/h2>\n\n\n\n<figure class=\"wp-block-image aligncenter size-full\"><img loading=\"lazy\" decoding=\"async\" width=\"1030\" height=\"620\" src=\"https:\/\/transmog.goldgoblin.net\/wp-content\/uploads\/2021\/11\/Transmog-Dungeon-Position-Razorfen-Downs.jpg\" alt=\"\" class=\"wp-image-2418\" srcset=\"https:\/\/transmog.goldgoblin.net\/wp-content\/uploads\/2021\/11\/Transmog-Dungeon-Position-Razorfen-Downs.jpg 1030w, https:\/\/transmog.goldgoblin.net\/wp-content\/uploads\/2021\/11\/Transmog-Dungeon-Position-Razorfen-Downs-300x181.jpg 300w\" sizes=\"auto, (max-width: 1030px) 100vw, 1030px\" \/><\/figure>\n\n\n\n<h2 class=\"wp-block-heading\">Ablauf und Farm Route<\/h2>\n\n\n\n<figure class=\"wp-block-image aligncenter size-full is-resized\"><a href=\"https:\/\/transmog.goldgoblin.net\/wp-content\/uploads\/2021\/11\/Transmog-Farmroute-Huegel-der-Klingenhauer.jpg\"><img loading=\"lazy\" decoding=\"async\" width=\"990\" height=\"660\" src=\"https:\/\/transmog.goldgoblin.net\/wp-content\/uploads\/2021\/11\/Transmog-Farmroute-Huegel-der-Klingenhauer.jpg\" alt=\"\" class=\"wp-image-2481\" style=\"width:495px;height:330px\" srcset=\"https:\/\/transmog.goldgoblin.net\/wp-content\/uploads\/2021\/11\/Transmog-Farmroute-Huegel-der-Klingenhauer.jpg 990w, https:\/\/transmog.goldgoblin.net\/wp-content\/uploads\/2021\/11\/Transmog-Farmroute-Huegel-der-Klingenhauer-300x200.jpg 300w\" sizes=\"auto, (max-width: 990px) 100vw, 990px\" \/><\/a><\/figure>\n\n\n\n<p>H\u00fcgel der Klingenhauer ist extrem einfach strukturiert. Ihr m\u00fcsst nur dem Weg folgen und jeden NPC t\u00f6ten.\u00a0<strong>Achtung!<\/strong>\u00a0Die kleinen Spinnen k\u00f6nnen auch Items droppen. Desweiteren empfehle ich hierf\u00fcr einen Schurken oder einen Charakter, der mithilfe seines Berufes (Juwelierskunst, Schmiedekunst oder Inschriftenkunde) Truhen \u00f6ffnen kann. Denn diese Truhen k\u00f6nnen unter anderem das\u00a0<a href=\"http:\/\/de.wowhead.com\/item=4356\/muster-sternengurtel\" target=\"_blank\" rel=\"noreferrer noopener nofollow\">Muster: Sterneng\u00fcrtel<\/a>\u00a0beinhalten.\u00a0<\/p>\n\n\n\n<p><strong>Achtung<\/strong>: Diese Truhen befinden sich meistens <strong>in den Zelten<\/strong>, also werft immer einen Blick dort rein.<\/p>\n\n\n\n<h2 class=\"wp-block-heading\">Welche Items findet man in dieser Instanz? <\/h2>\n\n\n\n<p>Kurze Erkl\u00e4rung: Da die Preise f\u00fcr Transmog serverabh\u00e4ngig stark schwanken gebe ich keine fixen Werte in Gold mehr an. Die wertvolleren Gegenst\u00e4nde sind mit mehr Sternchen markiert. Ein Gegenstand mit 5 Sternchen <img decoding=\"async\" src=\"https:\/\/transmog.goldgoblin.net\/wp-content\/themes\/astra-goblin\/images\/star3.png\"><img decoding=\"async\" src=\"https:\/\/transmog.goldgoblin.net\/wp-content\/themes\/astra-goblin\/images\/star3.png\"><img decoding=\"async\" src=\"https:\/\/transmog.goldgoblin.net\/wp-content\/themes\/astra-goblin\/images\/star3.png\"><img decoding=\"async\" src=\"https:\/\/transmog.goldgoblin.net\/wp-content\/themes\/astra-goblin\/images\/star3.png\"><img decoding=\"async\" src=\"https:\/\/transmog.goldgoblin.net\/wp-content\/themes\/astra-goblin\/images\/star3.png\"> ist im Vergleich zu einem Gegenstand mit nur einem Stern <img decoding=\"async\" src=\"https:\/\/transmog.goldgoblin.net\/wp-content\/themes\/astra-goblin\/images\/star3.png\"> also auch entsprechend mehr wert. So bekommt ihr einen kleinen Eindruck, \u00fcber welche Gegenst\u00e4nde ihr euch beim farmen freuen solltet!<\/p>\n\n\n\n<div class=\"wp-block-columns gg-transmog-farm razorfen is-layout-flex wp-container-core-columns-is-layout-28f84493 wp-block-columns-is-layout-flex\">\n<div class=\"wp-block-column is-layout-flow wp-block-column-is-layout-flow\">\n<ul class=\"wp-block-list\">\n<li><a href=\"http:\/\/de.wowhead.com\/item=10567\/stachelschiesser\" target=\"_blank\" rel=\"noreferrer noopener nofollow\">Stachelschie\u00dfer<\/a> <div class=\"gg-gold-rating\" title=\"Erfahrungsgem\u00e4\u00dfer Wert dieses Items\"><img decoding=\"async\" src=\"https:\/\/transmog.goldgoblin.net\/wp-content\/themes\/astra-goblin\/images\/star3.png\"><img decoding=\"async\" src=\"https:\/\/transmog.goldgoblin.net\/wp-content\/themes\/astra-goblin\/images\/star3.png\"><img decoding=\"async\" src=\"https:\/\/transmog.goldgoblin.net\/wp-content\/themes\/astra-goblin\/images\/star3.png\"><\/div><\/li>\n\n\n\n<li><a href=\"http:\/\/de.wowhead.com\/item=10581\/totenkopftracht\" target=\"_blank\" rel=\"noreferrer noopener nofollow\">Totenkopftracht<\/a> <div class=\"gg-gold-rating\" title=\"Erfahrungsgem\u00e4\u00dfer Wert dieses Items\"><img decoding=\"async\" src=\"https:\/\/transmog.goldgoblin.net\/wp-content\/themes\/astra-goblin\/images\/star3.png\"><img decoding=\"async\" src=\"https:\/\/transmog.goldgoblin.net\/wp-content\/themes\/astra-goblin\/images\/star3.png\"><\/div><\/li>\n\n\n\n<li><a href=\"http:\/\/de.wowhead.com\/item=10584\/fauste-des-unbandigen-sturms\" target=\"_blank\" rel=\"noreferrer noopener nofollow\">F\u00e4uste des unb\u00e4ndigen Sturms<\/a> <div class=\"gg-gold-rating\" title=\"Erfahrungsgem\u00e4\u00dfer Wert dieses Items\"><img decoding=\"async\" src=\"https:\/\/transmog.goldgoblin.net\/wp-content\/themes\/astra-goblin\/images\/star3.png\"><img decoding=\"async\" src=\"https:\/\/transmog.goldgoblin.net\/wp-content\/themes\/astra-goblin\/images\/star3.png\"><\/div><\/li>\n\n\n\n<li><a href=\"https:\/\/de.wowhead.com\/item=10571\/ebenholzknochenkeule?bonus=6710\" rel=\"nofollow noopener\" target=\"_blank\">Ebenholzknochenkeule<\/a> <div class=\"gg-gold-rating\" title=\"Erfahrungsgem\u00e4\u00dfer Wert dieses Items\"><img decoding=\"async\" src=\"https:\/\/transmog.goldgoblin.net\/wp-content\/themes\/astra-goblin\/images\/star3.png\"><img decoding=\"async\" src=\"https:\/\/transmog.goldgoblin.net\/wp-content\/themes\/astra-goblin\/images\/star3.png\"><img decoding=\"async\" src=\"https:\/\/transmog.goldgoblin.net\/wp-content\/themes\/astra-goblin\/images\/star3.png\"><\/div><\/li>\n\n\n\n<li><a href=\"https:\/\/de.wowhead.com\/item=10570\/menschent%C3%B6ter?bonus=6710\" rel=\"nofollow noopener\" target=\"_blank\">Menschent\u00f6ter<\/a> <div class=\"gg-gold-rating\" title=\"Erfahrungsgem\u00e4\u00dfer Wert dieses Items\"><img decoding=\"async\" src=\"https:\/\/transmog.goldgoblin.net\/wp-content\/themes\/astra-goblin\/images\/star3.png\"><img decoding=\"async\" src=\"https:\/\/transmog.goldgoblin.net\/wp-content\/themes\/astra-goblin\/images\/star3.png\"><img decoding=\"async\" src=\"https:\/\/transmog.goldgoblin.net\/wp-content\/themes\/astra-goblin\/images\/star3.png\"><img decoding=\"async\" src=\"https:\/\/transmog.goldgoblin.net\/wp-content\/themes\/astra-goblin\/images\/star3.png\"><\/div><\/li>\n\n\n\n<li><a href=\"https:\/\/de.wowhead.com\/item=4354\/muster-dunkellila-seidenhemd\" target=\"_blank\" rel=\"noreferrer noopener nofollow\">Muster: Dunkellila Seidenhemd<\/a> <div class=\"gg-gold-rating\" title=\"Erfahrungsgem\u00e4\u00dfer Wert dieses Items\"><img decoding=\"async\" src=\"https:\/\/transmog.goldgoblin.net\/wp-content\/themes\/astra-goblin\/images\/star3.png\"><img decoding=\"async\" src=\"https:\/\/transmog.goldgoblin.net\/wp-content\/themes\/astra-goblin\/images\/star3.png\"><img decoding=\"async\" src=\"https:\/\/transmog.goldgoblin.net\/wp-content\/themes\/astra-goblin\/images\/star3.png\"><img decoding=\"async\" src=\"https:\/\/transmog.goldgoblin.net\/wp-content\/themes\/astra-goblin\/images\/star3.png\"><img decoding=\"async\" src=\"https:\/\/transmog.goldgoblin.net\/wp-content\/themes\/astra-goblin\/images\/star3.png\"><\/div><\/li>\n\n\n\n<li><a href=\"https:\/\/de.wowhead.com\/item=1981\/eispanzerwams?bonus=6660\" rel=\"nofollow noopener\" target=\"_blank\">Eispanzerwams<\/a> <div class=\"gg-gold-rating\" title=\"Erfahrungsgem\u00e4\u00dfer Wert dieses Items\"><img decoding=\"async\" src=\"https:\/\/transmog.goldgoblin.net\/wp-content\/themes\/astra-goblin\/images\/star3.png\"><img decoding=\"async\" src=\"https:\/\/transmog.goldgoblin.net\/wp-content\/themes\/astra-goblin\/images\/star3.png\"><img decoding=\"async\" src=\"https:\/\/transmog.goldgoblin.net\/wp-content\/themes\/astra-goblin\/images\/star3.png\"><img decoding=\"async\" src=\"https:\/\/transmog.goldgoblin.net\/wp-content\/themes\/astra-goblin\/images\/star3.png\"><img decoding=\"async\" src=\"https:\/\/transmog.goldgoblin.net\/wp-content\/themes\/astra-goblin\/images\/star3.png\"><\/div><\/li>\n<\/ul>\n<\/div>\n\n\n\n<div class=\"wp-block-column is-layout-flow wp-block-column-is-layout-flow\">\n<ul class=\"wp-block-list\">\n<li><a href=\"http:\/\/de.wowhead.com\/item=10583\/leichtkielharnisch\" target=\"_blank\" rel=\"noreferrer noopener nofollow\">Leichtkielharnisch<\/a> <div class=\"gg-gold-rating\" title=\"Erfahrungsgem\u00e4\u00dfer Wert dieses Items\"><img decoding=\"async\" src=\"https:\/\/transmog.goldgoblin.net\/wp-content\/themes\/astra-goblin\/images\/star3.png\"><img decoding=\"async\" src=\"https:\/\/transmog.goldgoblin.net\/wp-content\/themes\/astra-goblin\/images\/star3.png\"><img decoding=\"async\" src=\"https:\/\/transmog.goldgoblin.net\/wp-content\/themes\/astra-goblin\/images\/star3.png\"><img decoding=\"async\" src=\"https:\/\/transmog.goldgoblin.net\/wp-content\/themes\/astra-goblin\/images\/star3.png\"><\/div><\/li>\n\n\n\n<li><a href=\"http:\/\/de.wowhead.com\/item=10574\/leichentuch\" target=\"_blank\" rel=\"noreferrer noopener nofollow\">Leichentuch<\/a> <div class=\"gg-gold-rating\" title=\"Erfahrungsgem\u00e4\u00dfer Wert dieses Items\"><img decoding=\"async\" src=\"https:\/\/transmog.goldgoblin.net\/wp-content\/themes\/astra-goblin\/images\/star3.png\"><img decoding=\"async\" src=\"https:\/\/transmog.goldgoblin.net\/wp-content\/themes\/astra-goblin\/images\/star3.png\"><\/div><\/li>\n\n\n\n<li><a href=\"http:\/\/de.wowhead.com\/item=10582\/dornentreter\" target=\"_blank\" rel=\"noreferrer noopener nofollow\">Dornentreter<\/a> <div class=\"gg-gold-rating\" title=\"Erfahrungsgem\u00e4\u00dfer Wert dieses Items\"><img decoding=\"async\" src=\"https:\/\/transmog.goldgoblin.net\/wp-content\/themes\/astra-goblin\/images\/star3.png\"><img decoding=\"async\" src=\"https:\/\/transmog.goldgoblin.net\/wp-content\/themes\/astra-goblin\/images\/star3.png\"><\/div><\/li>\n\n\n\n<li><a href=\"http:\/\/de.wowhead.com\/item=10573\/knochenschlitzer\" target=\"_blank\" rel=\"noreferrer noopener nofollow\">Knochenschlitzer<\/a> <div class=\"gg-gold-rating\" title=\"Erfahrungsgem\u00e4\u00dfer Wert dieses Items\"><img decoding=\"async\" src=\"https:\/\/transmog.goldgoblin.net\/wp-content\/themes\/astra-goblin\/images\/star3.png\"><img decoding=\"async\" src=\"https:\/\/transmog.goldgoblin.net\/wp-content\/themes\/astra-goblin\/images\/star3.png\"><img decoding=\"async\" src=\"https:\/\/transmog.goldgoblin.net\/wp-content\/themes\/astra-goblin\/images\/star3.png\"><\/div><\/li>\n\n\n\n<li><a href=\"http:\/\/de.wowhead.com\/item=10571\/ebenholzknochenkeule\" target=\"_blank\" rel=\"noreferrer noopener nofollow\">Ebenholzknochenkeule<\/a> <div class=\"gg-gold-rating\" title=\"Erfahrungsgem\u00e4\u00dfer Wert dieses Items\"><img decoding=\"async\" src=\"https:\/\/transmog.goldgoblin.net\/wp-content\/themes\/astra-goblin\/images\/star3.png\"><img decoding=\"async\" src=\"https:\/\/transmog.goldgoblin.net\/wp-content\/themes\/astra-goblin\/images\/star3.png\"><\/div><\/li>\n\n\n\n<li><a href=\"http:\/\/de.wowhead.com\/item=10572\/eissplitter\" target=\"_blank\" rel=\"noreferrer noopener nofollow\">Eissplitter<\/a> <div class=\"gg-gold-rating\" title=\"Erfahrungsgem\u00e4\u00dfer Wert dieses Items\"><img decoding=\"async\" src=\"https:\/\/transmog.goldgoblin.net\/wp-content\/themes\/astra-goblin\/images\/star3.png\"><img decoding=\"async\" src=\"https:\/\/transmog.goldgoblin.net\/wp-content\/themes\/astra-goblin\/images\/star3.png\"><\/div><\/li>\n<\/ul>\n<\/div>\n<\/div>\n\n\n\n<div class=\"wp-block-columns gg-transmog-farm razorfen is-layout-flex wp-container-core-columns-is-layout-28f84493 wp-block-columns-is-layout-flex\">\n<div class=\"wp-block-column gg-transmog-farm-img is-layout-flow wp-block-column-is-layout-flow\" style=\"flex-basis:30%\">\n<figure class=\"wp-block-image size-full\"><img loading=\"lazy\" decoding=\"async\" width=\"600\" height=\"1000\" src=\"https:\/\/transmog.goldgoblin.net\/wp-content\/uploads\/2021\/11\/Transmog-Set-Tyrants-Female-Horde.png\" alt=\"\" class=\"wp-image-2742\" srcset=\"https:\/\/transmog.goldgoblin.net\/wp-content\/uploads\/2021\/11\/Transmog-Set-Tyrants-Female-Horde.png 600w, https:\/\/transmog.goldgoblin.net\/wp-content\/uploads\/2021\/11\/Transmog-Set-Tyrants-Female-Horde-180x300.png 180w\" sizes=\"auto, (max-width: 600px) 100vw, 600px\" \/><\/figure>\n<\/div>\n\n\n\n<div class=\"wp-block-column is-layout-flow wp-block-column-is-layout-flow\" style=\"flex-basis:70%\">\n<h3 class=\"wp-block-heading\">Das Tyrannen-Set<\/h3>\n\n\n\n<ul class=\"wp-block-list\">\n<li><a href=\"http:\/\/de.wowhead.com\/item=14838\/gurtel-des-tyrannen\" target=\"_blank\" rel=\"noreferrer noopener nofollow\">G\u00fcrtel des Tyrannen<\/a> <div class=\"gg-gold-rating\" title=\"Erfahrungsgem\u00e4\u00dfer Wert dieses Items\"><img decoding=\"async\" src=\"https:\/\/transmog.goldgoblin.net\/wp-content\/themes\/astra-goblin\/images\/star3.png\"><img decoding=\"async\" src=\"https:\/\/transmog.goldgoblin.net\/wp-content\/themes\/astra-goblin\/images\/star3.png\"><img decoding=\"async\" src=\"https:\/\/transmog.goldgoblin.net\/wp-content\/themes\/astra-goblin\/images\/star3.png\"><\/div><\/li>\n\n\n\n<li><a href=\"http:\/\/de.wowhead.com\/item=14839\/schienbeinschutzer-des-tyrannen\" target=\"_blank\" rel=\"noreferrer noopener nofollow\">Schienbeinsch\u00fctzer des Tyrannen<\/a> <div class=\"gg-gold-rating\" title=\"Erfahrungsgem\u00e4\u00dfer Wert dieses Items\"><img decoding=\"async\" src=\"https:\/\/transmog.goldgoblin.net\/wp-content\/themes\/astra-goblin\/images\/star3.png\"><img decoding=\"async\" src=\"https:\/\/transmog.goldgoblin.net\/wp-content\/themes\/astra-goblin\/images\/star3.png\"><img decoding=\"async\" src=\"https:\/\/transmog.goldgoblin.net\/wp-content\/themes\/astra-goblin\/images\/star3.png\"><\/div><\/li>\n\n\n\n<li><a href=\"http:\/\/de.wowhead.com\/item=14840\/beinplatten-des-tyrannen\" target=\"_blank\" rel=\"noreferrer noopener nofollow\">Beinplatten des Tyrannen<\/a> <div class=\"gg-gold-rating\" title=\"Erfahrungsgem\u00e4\u00dfer Wert dieses Items\"><img decoding=\"async\" src=\"https:\/\/transmog.goldgoblin.net\/wp-content\/themes\/astra-goblin\/images\/star3.png\"><img decoding=\"async\" src=\"https:\/\/transmog.goldgoblin.net\/wp-content\/themes\/astra-goblin\/images\/star3.png\"><img decoding=\"async\" src=\"https:\/\/transmog.goldgoblin.net\/wp-content\/themes\/astra-goblin\/images\/star3.png\"><img decoding=\"async\" src=\"https:\/\/transmog.goldgoblin.net\/wp-content\/themes\/astra-goblin\/images\/star3.png\"><img decoding=\"async\" src=\"https:\/\/transmog.goldgoblin.net\/wp-content\/themes\/astra-goblin\/images\/star3.png\"><\/div><\/li>\n\n\n\n<li><a href=\"http:\/\/de.wowhead.com\/item=14843\/helm-des-tyrannen\" target=\"_blank\" rel=\"noreferrer noopener nofollow\">Helm des Tyrannen<\/a> <div class=\"gg-gold-rating\" title=\"Erfahrungsgem\u00e4\u00dfer Wert dieses Items\"><img decoding=\"async\" src=\"https:\/\/transmog.goldgoblin.net\/wp-content\/themes\/astra-goblin\/images\/star3.png\"><\/div><\/li>\n\n\n\n<li><a href=\"http:\/\/de.wowhead.com\/item=14841\/schulterklappen-des-tyrannen\" target=\"_blank\" rel=\"noreferrer noopener nofollow\">Schulterklappen des Tyrannen<\/a> <div class=\"gg-gold-rating\" title=\"Erfahrungsgem\u00e4\u00dfer Wert dieses Items\"><img decoding=\"async\" src=\"https:\/\/transmog.goldgoblin.net\/wp-content\/themes\/astra-goblin\/images\/star3.png\"><img decoding=\"async\" src=\"https:\/\/transmog.goldgoblin.net\/wp-content\/themes\/astra-goblin\/images\/star3.png\"><img decoding=\"async\" src=\"https:\/\/transmog.goldgoblin.net\/wp-content\/themes\/astra-goblin\/images\/star3.png\"><\/div><\/li>\n\n\n\n<li><a href=\"http:\/\/de.wowhead.com\/item=14833\/stulpen-des-tyrannen#outfits\" target=\"_blank\" rel=\"noreferrer noopener nofollow\">Stulpen des Tyrannen<\/a> <div class=\"gg-gold-rating\" title=\"Erfahrungsgem\u00e4\u00dfer Wert dieses Items\"><img decoding=\"async\" src=\"https:\/\/transmog.goldgoblin.net\/wp-content\/themes\/astra-goblin\/images\/star3.png\"><img decoding=\"async\" src=\"https:\/\/transmog.goldgoblin.net\/wp-content\/themes\/astra-goblin\/images\/star3.png\"><img decoding=\"async\" src=\"https:\/\/transmog.goldgoblin.net\/wp-content\/themes\/astra-goblin\/images\/star3.png\"><img decoding=\"async\" src=\"https:\/\/transmog.goldgoblin.net\/wp-content\/themes\/astra-goblin\/images\/star3.png\"><\/div><\/li>\n<\/ul>\n<\/div>\n<\/div>\n\n\n\n<p>Am Ende einer Instanz geht es darum, so schnell wie m\u00f6glich wieder an den Eingang zu kommen. Nur wenige Instanzen haben am Ende einen Ausgang. Folgende Methoden k\u00f6nnt ihr nutzen:<\/p>\n\n\n\n<div class=\"wp-block-group dungeon-leave is-layout-flow wp-block-group-is-layout-flow\"><div class=\"wp-block-group__inner-container\">\n<h5 class=\"druid wp-block-heading\" id=\"druide-traumwanderung\"><mark style=\"background-color:rgba(0, 0, 0, 0);color:#ff7c0a\" class=\"has-inline-color\">Druide <\/mark>&#8211; Traumwanderung<\/h5>\n\n\n\n<p>Der Druide ist f\u00fcr das Transmog farmen die Ideale Wahl, da er sich mithilfe der <a href=\"https:\/\/de.wowhead.com\/spell=193753\/traumwanderung\" rel=\"nofollow noopener\" target=\"_blank\">Traumwanderung<\/a> in den Smaragdgr\u00fcnen Alptraum porten kann. Dort angekommen, dr\u00fcckt ihr erneut auf die Traumwanderung und steht automatisch vor eurer letzten Instanz. Solltet ihr kein Legion gespielt haben, dann m\u00fcsst ihr Teleport: Mondlichtung benutzen.<\/p>\n\n\n\n<h5 class=\"monk wp-block-heading\" id=\"monch-zenpilgerfahrt\"><mark style=\"background-color:rgba(0, 0, 0, 0);color:#00ff98\" class=\"has-inline-color\">M\u00f6nch <\/mark>&#8211; Zenpilgerfahrt<\/h5>\n\n\n\n<p>Als M\u00f6nch k\u00f6nnt ihr den Zauber <a href=\"https:\/\/de.wowhead.com\/spell=126892\/zenpilgerfahrt\" rel=\"nofollow noopener\" target=\"_blank\">Zenpilgerfahrt<\/a> nutzen, welcher euch zu eurem Heimattempel bringt. Erneutes nutzen dieses Zaubers bringt euch wieder vor den Eingang der letzten Instanz. Dieser Zauber hat einen 60 Sekunden Cooldown.<\/p>\n\n\n\n<h5 class=\"dk wp-block-heading\" id=\"todesritter-schwarzes-tor\"><mark style=\"background-color:rgba(0, 0, 0, 0);color:#c41e3a\" class=\"has-inline-color\">Todesritter <\/mark>&#8211; Schwarzes Tor<\/h5>\n\n\n\n<p>Als Todesritter k\u00f6nnt ihr den Zauber <a href=\"https:\/\/de.wowhead.com\/spell=50977\/schwarzes-tor\" rel=\"nofollow noopener\" target=\"_blank\">Schwarze Tor<\/a> nutzen, welcher euch in die Festung bringt. Erneutes nutzen dieses Zaubers bringt euch wieder vor den Eingang der letzten Instanz. Dieser Zauber hat einen 60 Sekunden Cooldown.<\/p>\n\n\n\n<h5 class=\"wp-block-heading\" id=\"gruppensuch-funktion\">Gruppensuch-Funktion<\/h5>\n\n\n\n<p>\u00dcber das Gruppesuche-Tool k\u00f6nnt ihr unter Benutzerdefiniert eine Random Gruppe erstellen und anmelden. Im Anschluss klickt ihr auf euer Avatarbild im Spiel und w\u00e4hlt &#8222;Gruppe verlassen&#8220;. Nach 60 Sekunden werdet ihr aus der Instanz geportet und steht lebend an der Position des Geistheilers. Ihr solltet diese Funktion so timen, dass ihr nur noch wenige Sekunden vor dem Ende der Instanz seid, bevor ihr raus geportet werden.<\/p>\n\n\n\n<h5 class=\"wp-block-heading\" id=\"sterben\">Sterben<\/h5>\n\n\n\n<p>In manchen Instanzen besteht die Chance durch Wasser, Lava oder durch Fallschaden zu sterben. <\/p>\n<\/div><\/div>\n","protected":false},"excerpt":{"rendered":"<p>Im Gegensatz zu anderen Instanzen gibt es hier keine richtigen \u201eBig Ticket\u201c-Items wie z.B die&nbsp;Glorreiche Beinplatten. Daf\u00fcr bietet der H\u00fcgel der Klingenhauer viele Items, die einem konstanten Wert haben und [&hellip;]<\/p>\n","protected":false},"author":1,"featured_media":1460,"parent":673,"menu_order":4,"comment_status":"closed","ping_status":"closed","template":"","meta":{"_acf_changed":false,"site-sidebar-layout":"default","site-content-layout":"","ast-site-content-layout":"default","site-content-style":"default","site-sidebar-style":"default","ast-global-header-display":"","ast-banner-title-visibility":"","ast-main-header-display":"","ast-hfb-above-header-display":"","ast-hfb-below-header-display":"","ast-hfb-mobile-header-display":"","site-post-title":"","ast-breadcrumbs-content":"","ast-featured-img":"","footer-sml-layout":"","ast-disable-related-posts":"","theme-transparent-header-meta":"","adv-header-id-meta":"","stick-header-meta":"","header-above-stick-meta":"","header-main-stick-meta":"","header-below-stick-meta":"","astra-migrate-meta-layouts":"set","ast-page-background-enabled":"default","ast-page-background-meta":{"desktop":{"background-color":"","background-image":"","background-repeat":"repeat","background-position":"center center","background-size":"auto","background-attachment":"scroll","background-type":"","background-media":"","overlay-type":"","overlay-color":"","overlay-opacity":"","overlay-gradient":""},"tablet":{"background-color":"","background-image":"","background-repeat":"repeat","background-position":"center center","background-size":"auto","background-attachment":"scroll","background-type":"","background-media":"","overlay-type":"","overlay-color":"","overlay-opacity":"","overlay-gradient":""},"mobile":{"background-color":"","background-image":"","background-repeat":"repeat","background-position":"center center","background-size":"auto","background-attachment":"scroll","background-type":"","background-media":"","overlay-type":"","overlay-color":"","overlay-opacity":"","overlay-gradient":""}},"ast-content-background-meta":{"desktop":{"background-color":"var(--ast-global-color-5)","background-image":"","background-repeat":"repeat","background-position":"center center","background-size":"auto","background-attachment":"scroll","background-type":"","background-media":"","overlay-type":"","overlay-color":"","overlay-opacity":"","overlay-gradient":""},"tablet":{"background-color":"var(--ast-global-color-5)","background-image":"","background-repeat":"repeat","background-position":"center center","background-size":"auto","background-attachment":"scroll","background-type":"","background-media":"","overlay-type":"","overlay-color":"","overlay-opacity":"","overlay-gradient":""},"mobile":{"background-color":"var(--ast-global-color-5)","background-image":"","background-repeat":"repeat","background-position":"center center","background-size":"auto","background-attachment":"scroll","background-type":"","background-media":"","overlay-type":"","overlay-color":"","overlay-opacity":"","overlay-gradient":""}},"footnotes":""},"categories":[185],"class_list":["post-1374","page","type-page","status-publish","has-post-thumbnail","hentry","category-instanz"],"acf":[],"_links":{"self":[{"href":"https:\/\/transmog.goldgoblin.net\/de\/wp-json\/wp\/v2\/pages\/1374","targetHints":{"allow":["GET"]}}],"collection":[{"href":"https:\/\/transmog.goldgoblin.net\/de\/wp-json\/wp\/v2\/pages"}],"about":[{"href":"https:\/\/transmog.goldgoblin.net\/de\/wp-json\/wp\/v2\/types\/page"}],"author":[{"embeddable":true,"href":"https:\/\/transmog.goldgoblin.net\/de\/wp-json\/wp\/v2\/users\/1"}],"replies":[{"embeddable":true,"href":"https:\/\/transmog.goldgoblin.net\/de\/wp-json\/wp\/v2\/comments?post=1374"}],"version-history":[{"count":3,"href":"https:\/\/transmog.goldgoblin.net\/de\/wp-json\/wp\/v2\/pages\/1374\/revisions"}],"predecessor-version":[{"id":8963,"href":"https:\/\/transmog.goldgoblin.net\/de\/wp-json\/wp\/v2\/pages\/1374\/revisions\/8963"}],"up":[{"embeddable":true,"href":"https:\/\/transmog.goldgoblin.net\/de\/wp-json\/wp\/v2\/pages\/673"}],"wp:featuredmedia":[{"embeddable":true,"href":"https:\/\/transmog.goldgoblin.net\/de\/wp-json\/wp\/v2\/media\/1460"}],"wp:attachment":[{"href":"https:\/\/transmog.goldgoblin.net\/de\/wp-json\/wp\/v2\/media?parent=1374"}],"wp:term":[{"taxonomy":"category","embeddable":true,"href":"https:\/\/transmog.goldgoblin.net\/de\/wp-json\/wp\/v2\/categories?post=1374"}],"curies":[{"name":"wp","href":"https:\/\/api.w.org\/{rel}","templated":true}]}}