{"id":1375,"date":"2021-11-06T15:49:06","date_gmt":"2021-11-06T14:49:06","guid":{"rendered":"https:\/\/transmog.goldgoblin.net\/?page_id=1375"},"modified":"2021-11-15T20:13:26","modified_gmt":"2021-11-15T19:13:26","slug":"instanz-kral-der-klingenhauer","status":"publish","type":"page","link":"https:\/\/transmog.goldgoblin.net\/de\/transmog-farmen\/instanz-kral-der-klingenhauer\/","title":{"rendered":"Kral der Klingenhauer"},"content":{"rendered":"\n<p>Die Instanz <strong>Kral der Klingenhauer<\/strong> ist eine kurze und schnell zu farmende Instanz, welche viele teure rare Gegenst\u00e4nde auf dem Loot-Table hat. Der Eingang ist unter den Dornenranken leicht versteckt, aber dennoch gut sichtbar. Das Cap von 10 Instanzen pro Stunde erreicht ihr mit Leichtigkeit in unter 60 Minuten.<\/p>\n\n\n\n<h2 class=\"wp-block-heading\">Zone: S\u00fcdliches Brachland (Kalimdor)<\/h2>\n\n\n\n<figure class=\"wp-block-image size-full\"><img loading=\"lazy\" decoding=\"async\" width=\"1030\" height=\"620\" src=\"https:\/\/transmog.goldgoblin.net\/wp-content\/uploads\/2021\/11\/Transmog-Dungeon-Position-Razorfen-Kraul.jpg\" alt=\"\" class=\"wp-image-2456\" srcset=\"https:\/\/transmog.goldgoblin.net\/wp-content\/uploads\/2021\/11\/Transmog-Dungeon-Position-Razorfen-Kraul.jpg 1030w, https:\/\/transmog.goldgoblin.net\/wp-content\/uploads\/2021\/11\/Transmog-Dungeon-Position-Razorfen-Kraul-300x181.jpg 300w\" sizes=\"auto, (max-width: 1030px) 100vw, 1030px\" \/><\/figure>\n\n\n\n<h2 class=\"wp-block-heading\">Ablauf und Farm Route<\/h2>\n\n\n\n<p>Grunds\u00e4tzlich k\u00f6nnt ihr euch hier nicht verlaufen, da die ganze Instanz sehr linear ist und es nur einen Weg gibt. Achtet auf eurem Weg st\u00e4ndig auf Truhen, da diese teure Gegenst\u00e4nden beinhalten k\u00f6nnen. <\/p>\n\n\n\n<h2 class=\"wp-block-heading\">Welche Items findet man in dieser Instanz?<\/h2>\n\n\n\n<p>Kurze Erkl\u00e4rung: Da die Preise f\u00fcr Transmog serverabh\u00e4ngig stark schwanken gebe ich keine fixen Werte in Gold mehr an. Die wertvolleren Gegenst\u00e4nde sind mit mehr Sternchen markiert. Ein Gegenstand mit 5 Sternchen <img decoding=\"async\" src=\"https:\/\/transmog.goldgoblin.net\/wp-content\/themes\/astra-goblin\/images\/star3.png\"><img decoding=\"async\" src=\"https:\/\/transmog.goldgoblin.net\/wp-content\/themes\/astra-goblin\/images\/star3.png\"><img decoding=\"async\" src=\"https:\/\/transmog.goldgoblin.net\/wp-content\/themes\/astra-goblin\/images\/star3.png\"><img decoding=\"async\" src=\"https:\/\/transmog.goldgoblin.net\/wp-content\/themes\/astra-goblin\/images\/star3.png\"><img decoding=\"async\" src=\"https:\/\/transmog.goldgoblin.net\/wp-content\/themes\/astra-goblin\/images\/star3.png\"> ist im Vergleich zu einem Gegenstand mit nur einem Stern <img decoding=\"async\" src=\"https:\/\/transmog.goldgoblin.net\/wp-content\/themes\/astra-goblin\/images\/star3.png\"> also auch entsprechend mehr wert. So bekommt ihr einen kleinen Eindruck, \u00fcber welche Gegenst\u00e4nde ihr euch beim farmen freuen solltet!<\/p>\n\n\n\n<div class=\"wp-block-columns gg-transmog-farm razorfen is-layout-flex wp-container-core-columns-is-layout-28f84493 wp-block-columns-is-layout-flex\">\n<div class=\"wp-block-column is-layout-flow wp-block-column-is-layout-flow\">\n<ul class=\"wp-block-list\"><li><a href=\"https:\/\/de.wowhead.com\/item=776\/blutrache?bonus=6710\" rel=\"nofollow noopener\" target=\"_blank\">Blutrache<\/a> <div class=\"gg-gold-rating\" title=\"Erfahrungsgem\u00e4\u00dfer Wert dieses Items\"><img decoding=\"async\" src=\"https:\/\/transmog.goldgoblin.net\/wp-content\/themes\/astra-goblin\/images\/star3.png\"><img decoding=\"async\" src=\"https:\/\/transmog.goldgoblin.net\/wp-content\/themes\/astra-goblin\/images\/star3.png\"><img decoding=\"async\" src=\"https:\/\/transmog.goldgoblin.net\/wp-content\/themes\/astra-goblin\/images\/star3.png\"><img decoding=\"async\" src=\"https:\/\/transmog.goldgoblin.net\/wp-content\/themes\/astra-goblin\/images\/star3.png\"><\/div><\/li><li><a href=\"https:\/\/de.wowhead.com\/item=1488\/r%C3%A4cherr%C3%BCstung?bonus=6710\" rel=\"nofollow noopener\" target=\"_blank\">R\u00e4cherr\u00fcstung<\/a> <div class=\"gg-gold-rating\" title=\"Erfahrungsgem\u00e4\u00dfer Wert dieses Items\"><img decoding=\"async\" src=\"https:\/\/transmog.goldgoblin.net\/wp-content\/themes\/astra-goblin\/images\/star3.png\"><img decoding=\"async\" src=\"https:\/\/transmog.goldgoblin.net\/wp-content\/themes\/astra-goblin\/images\/star3.png\"><img decoding=\"async\" src=\"https:\/\/transmog.goldgoblin.net\/wp-content\/themes\/astra-goblin\/images\/star3.png\"><img decoding=\"async\" src=\"https:\/\/transmog.goldgoblin.net\/wp-content\/themes\/astra-goblin\/images\/star3.png\"><\/div><\/li><li><a href=\"https:\/\/de.wowhead.com\/item=1727\/schwert-des-verfalls?bonus=6710\" rel=\"nofollow noopener\" target=\"_blank\">Schwert des Verfalls<\/a> <div class=\"gg-gold-rating\" title=\"Erfahrungsgem\u00e4\u00dfer Wert dieses Items\"><img decoding=\"async\" src=\"https:\/\/transmog.goldgoblin.net\/wp-content\/themes\/astra-goblin\/images\/star3.png\"><img decoding=\"async\" src=\"https:\/\/transmog.goldgoblin.net\/wp-content\/themes\/astra-goblin\/images\/star3.png\"><img decoding=\"async\" src=\"https:\/\/transmog.goldgoblin.net\/wp-content\/themes\/astra-goblin\/images\/star3.png\"><\/div><\/li><li><a href=\"https:\/\/de.wowhead.com\/item=1975\/pysans-altes-gro%C3%9Fschwert?bonus=6710\" rel=\"nofollow noopener\" target=\"_blank\">Pysans altes Gro\u00dfschwert<\/a> <div class=\"gg-gold-rating\" title=\"Erfahrungsgem\u00e4\u00dfer Wert dieses Items\"><img decoding=\"async\" src=\"https:\/\/transmog.goldgoblin.net\/wp-content\/themes\/astra-goblin\/images\/star3.png\"><img decoding=\"async\" src=\"https:\/\/transmog.goldgoblin.net\/wp-content\/themes\/astra-goblin\/images\/star3.png\"><img decoding=\"async\" src=\"https:\/\/transmog.goldgoblin.net\/wp-content\/themes\/astra-goblin\/images\/star3.png\"><img decoding=\"async\" src=\"https:\/\/transmog.goldgoblin.net\/wp-content\/themes\/astra-goblin\/images\/star3.png\"><img decoding=\"async\" src=\"https:\/\/transmog.goldgoblin.net\/wp-content\/themes\/astra-goblin\/images\/star3.png\"><\/div><\/li><li><a href=\"https:\/\/de.wowhead.com\/item=1976\/schlackenhammer?bonus=6710\" rel=\"nofollow noopener\" target=\"_blank\">Schlackenhammer<\/a> <div class=\"gg-gold-rating\" title=\"Erfahrungsgem\u00e4\u00dfer Wert dieses Items\"><img decoding=\"async\" src=\"https:\/\/transmog.goldgoblin.net\/wp-content\/themes\/astra-goblin\/images\/star3.png\"><img decoding=\"async\" src=\"https:\/\/transmog.goldgoblin.net\/wp-content\/themes\/astra-goblin\/images\/star3.png\"><img decoding=\"async\" src=\"https:\/\/transmog.goldgoblin.net\/wp-content\/themes\/astra-goblin\/images\/star3.png\"><\/div><\/li><li><a href=\"https:\/\/de.wowhead.com\/item=1978\/wolfsklauenhandschuhe?bonus=6710\" rel=\"nofollow noopener\" target=\"_blank\">Wolfsklauenhandschuhe<\/a> <div class=\"gg-gold-rating\" title=\"Erfahrungsgem\u00e4\u00dfer Wert dieses Items\"><img decoding=\"async\" src=\"https:\/\/transmog.goldgoblin.net\/wp-content\/themes\/astra-goblin\/images\/star3.png\"><img decoding=\"async\" src=\"https:\/\/transmog.goldgoblin.net\/wp-content\/themes\/astra-goblin\/images\/star3.png\"><img decoding=\"async\" src=\"https:\/\/transmog.goldgoblin.net\/wp-content\/themes\/astra-goblin\/images\/star3.png\"><\/div><\/li><li><a href=\"https:\/\/de.wowhead.com\/item=2264\/mantel-der-diebe?bonus=6710\" rel=\"nofollow noopener\" target=\"_blank\">Mantel der Diebe<\/a> <div class=\"gg-gold-rating\" title=\"Erfahrungsgem\u00e4\u00dfer Wert dieses Items\"><img decoding=\"async\" src=\"https:\/\/transmog.goldgoblin.net\/wp-content\/themes\/astra-goblin\/images\/star3.png\"><img decoding=\"async\" src=\"https:\/\/transmog.goldgoblin.net\/wp-content\/themes\/astra-goblin\/images\/star3.png\"><img decoding=\"async\" src=\"https:\/\/transmog.goldgoblin.net\/wp-content\/themes\/astra-goblin\/images\/star3.png\"><\/div><\/li><li><a href=\"https:\/\/de.wowhead.com\/item=4298\/muster-w%C3%A4chterg%C3%BCrtel\" rel=\"nofollow noopener\" target=\"_blank\">Muster: W\u00e4chterg\u00fcrtel<\/a> <div class=\"gg-gold-rating\" title=\"Erfahrungsgem\u00e4\u00dfer Wert dieses Items\"><img decoding=\"async\" src=\"https:\/\/transmog.goldgoblin.net\/wp-content\/themes\/astra-goblin\/images\/star3.png\"><img decoding=\"async\" src=\"https:\/\/transmog.goldgoblin.net\/wp-content\/themes\/astra-goblin\/images\/star3.png\"><img decoding=\"async\" src=\"https:\/\/transmog.goldgoblin.net\/wp-content\/themes\/astra-goblin\/images\/star3.png\"><img decoding=\"async\" src=\"https:\/\/transmog.goldgoblin.net\/wp-content\/themes\/astra-goblin\/images\/star3.png\"><\/div><\/li><li><a href=\"https:\/\/de.wowhead.com\/item=15518\/stachelkettenbrustplatte?bonus=6654\" rel=\"nofollow noopener\" target=\"_blank\">Stachelkettenbrustplatte<\/a> <div class=\"gg-gold-rating\" title=\"Erfahrungsgem\u00e4\u00dfer Wert dieses Items\"><img decoding=\"async\" src=\"https:\/\/transmog.goldgoblin.net\/wp-content\/themes\/astra-goblin\/images\/star3.png\"><img decoding=\"async\" src=\"https:\/\/transmog.goldgoblin.net\/wp-content\/themes\/astra-goblin\/images\/star3.png\"><img decoding=\"async\" src=\"https:\/\/transmog.goldgoblin.net\/wp-content\/themes\/astra-goblin\/images\/star3.png\"><\/div><\/li><\/ul>\n<\/div>\n<\/div>\n\n\n\n<div class=\"wp-block-columns gg-transmog-farm razorfen is-layout-flex wp-container-core-columns-is-layout-28f84493 wp-block-columns-is-layout-flex\">\n<div class=\"wp-block-column gg-transmog-farm-img is-layout-flow wp-block-column-is-layout-flow\" style=\"flex-basis:30%\">\n<figure class=\"wp-block-image size-full\"><img loading=\"lazy\" decoding=\"async\" width=\"600\" height=\"1000\" src=\"https:\/\/transmog.goldgoblin.net\/wp-content\/uploads\/2021\/11\/Transmog-Set-Wicked-Female-Horde.png\" alt=\"\" class=\"wp-image-2745\" srcset=\"https:\/\/transmog.goldgoblin.net\/wp-content\/uploads\/2021\/11\/Transmog-Set-Wicked-Female-Horde.png 600w, https:\/\/transmog.goldgoblin.net\/wp-content\/uploads\/2021\/11\/Transmog-Set-Wicked-Female-Horde-180x300.png 180w\" sizes=\"auto, (max-width: 600px) 100vw, 600px\" \/><\/figure>\n<\/div>\n\n\n\n<div class=\"wp-block-column is-layout-flow wp-block-column-is-layout-flow\" style=\"flex-basis:70%\">\n<h3 class=\"wp-block-heading\">Das T\u00fcckische Set<\/h3>\n\n\n\n<ul class=\"wp-block-list\"><li><a href=\"https:\/\/de.wowhead.com\/item=15541\/t%C3%BCckische-kettenbeinsch%C3%BCtzer?bonus=6654\" rel=\"nofollow noopener\" target=\"_blank\">T\u00fcckische Kettenbeinsch\u00fctzer<\/a> <div class=\"gg-gold-rating\" title=\"Erfahrungsgem\u00e4\u00dfer Wert dieses Items\"><img decoding=\"async\" src=\"https:\/\/transmog.goldgoblin.net\/wp-content\/themes\/astra-goblin\/images\/star3.png\"><img decoding=\"async\" src=\"https:\/\/transmog.goldgoblin.net\/wp-content\/themes\/astra-goblin\/images\/star3.png\"><\/div><\/li><li><a href=\"https:\/\/de.wowhead.com\/item=15542\/t%C3%BCckische-kettenschulterpolster?bonus=6654\" rel=\"nofollow noopener\" target=\"_blank\">T\u00fcckische Kettenschulterpolster<\/a> <div class=\"gg-gold-rating\" title=\"Erfahrungsgem\u00e4\u00dfer Wert dieses Items\"><img decoding=\"async\" src=\"https:\/\/transmog.goldgoblin.net\/wp-content\/themes\/astra-goblin\/images\/star3.png\"><img decoding=\"async\" src=\"https:\/\/transmog.goldgoblin.net\/wp-content\/themes\/astra-goblin\/images\/star3.png\"><\/div><\/li><li><a href=\"https:\/\/de.wowhead.com\/item=15534\/t%C3%BCckische-kettenstiefel?bonus=6654\" rel=\"nofollow noopener\" target=\"_blank\">T\u00fcckische Kettenstiefel<\/a> <div class=\"gg-gold-rating\" title=\"Erfahrungsgem\u00e4\u00dfer Wert dieses Items\"><img decoding=\"async\" src=\"https:\/\/transmog.goldgoblin.net\/wp-content\/themes\/astra-goblin\/images\/star3.png\"><img decoding=\"async\" src=\"https:\/\/transmog.goldgoblin.net\/wp-content\/themes\/astra-goblin\/images\/star3.png\"><\/div><\/li><li><a href=\"https:\/\/de.wowhead.com\/item=15536\/t%C3%BCckischer-kettenbrustharnisch?bonus=6654\" rel=\"nofollow noopener\" target=\"_blank\">T\u00fcckischer Kettenbrustharnisch<\/a> <div class=\"gg-gold-rating\" title=\"Erfahrungsgem\u00e4\u00dfer Wert dieses Items\"><img decoding=\"async\" src=\"https:\/\/transmog.goldgoblin.net\/wp-content\/themes\/astra-goblin\/images\/star3.png\"><img decoding=\"async\" src=\"https:\/\/transmog.goldgoblin.net\/wp-content\/themes\/astra-goblin\/images\/star3.png\"><img decoding=\"async\" src=\"https:\/\/transmog.goldgoblin.net\/wp-content\/themes\/astra-goblin\/images\/star3.png\"><\/div><\/li><li><a href=\"https:\/\/de.wowhead.com\/item=15540\/t%C3%BCckischer-kettenhelm?bonus=6654\" rel=\"nofollow noopener\" target=\"_blank\">T\u00fcckischer Kettenhelm<\/a> <div class=\"gg-gold-rating\" title=\"Erfahrungsgem\u00e4\u00dfer Wert dieses Items\"><img decoding=\"async\" src=\"https:\/\/transmog.goldgoblin.net\/wp-content\/themes\/astra-goblin\/images\/star3.png\"><\/div><\/li><\/ul>\n<\/div>\n<\/div>\n\n\n\n<p>Am Ende einer Instanz geht es darum, so schnell wie m\u00f6glich wieder an den Eingang zu kommen. Nur wenige Instanzen haben am Ende einen Ausgang. Folgende Methoden k\u00f6nnt ihr nutzen:<\/p>\n\n\n\n<div class=\"wp-block-group dungeon-leave is-layout-flow wp-block-group-is-layout-flow\"><div class=\"wp-block-group__inner-container\">\n<h5 class=\"druid wp-block-heading\" id=\"druide-traumwanderung\"><mark style=\"background-color:rgba(0, 0, 0, 0);color:#ff7c0a\" class=\"has-inline-color\">Druide <\/mark>&#8211; Traumwanderung<\/h5>\n\n\n\n<p>Der Druide ist f\u00fcr das Transmog farmen die Ideale Wahl, da er sich mithilfe der <a href=\"https:\/\/de.wowhead.com\/spell=193753\/traumwanderung\" rel=\"nofollow noopener\" target=\"_blank\">Traumwanderung<\/a> in den Smaragdgr\u00fcnen Alptraum porten kann. Dort angekommen, dr\u00fcckt ihr erneut auf die Traumwanderung und steht automatisch vor eurer letzten Instanz. Solltet ihr kein Legion gespielt haben, dann m\u00fcsst ihr Teleport: Mondlichtung benutzen.<\/p>\n\n\n\n<h5 class=\"monk wp-block-heading\" id=\"monch-zenpilgerfahrt\"><mark style=\"background-color:rgba(0, 0, 0, 0);color:#00ff98\" class=\"has-inline-color\">M\u00f6nch <\/mark>&#8211; Zenpilgerfahrt<\/h5>\n\n\n\n<p>Als M\u00f6nch k\u00f6nnt ihr den Zauber <a href=\"https:\/\/de.wowhead.com\/spell=126892\/zenpilgerfahrt\" rel=\"nofollow noopener\" target=\"_blank\">Zenpilgerfahrt<\/a> nutzen, welcher euch zu eurem Heimattempel bringt. Erneutes nutzen dieses Zaubers bringt euch wieder vor den Eingang der letzten Instanz. Dieser Zauber hat einen 60 Sekunden Cooldown.<\/p>\n\n\n\n<h5 class=\"dk wp-block-heading\" id=\"todesritter-schwarzes-tor\"><mark style=\"background-color:rgba(0, 0, 0, 0);color:#c41e3a\" class=\"has-inline-color\">Todesritter <\/mark>&#8211; Schwarzes Tor<\/h5>\n\n\n\n<p>Als Todesritter k\u00f6nnt ihr den Zauber <a href=\"https:\/\/de.wowhead.com\/spell=50977\/schwarzes-tor\" rel=\"nofollow noopener\" target=\"_blank\">Schwarze Tor<\/a> nutzen, welcher euch in die Festung bringt. Erneutes nutzen dieses Zaubers bringt euch wieder vor den Eingang der letzten Instanz. Dieser Zauber hat einen 60 Sekunden Cooldown.<\/p>\n\n\n\n<h5 class=\"wp-block-heading\" id=\"gruppensuch-funktion\">Gruppensuch-Funktion<\/h5>\n\n\n\n<p>\u00dcber das Gruppesuche-Tool k\u00f6nnt ihr unter Benutzerdefiniert eine Random Gruppe erstellen und anmelden. Im Anschluss klickt ihr auf euer Avatarbild im Spiel und w\u00e4hlt &#8222;Gruppe verlassen&#8220;. Nach 60 Sekunden werdet ihr aus der Instanz geportet und steht lebend an der Position des Geistheilers. Ihr solltet diese Funktion so timen, dass ihr nur noch wenige Sekunden vor dem Ende der Instanz seid, bevor ihr raus geportet werden.<\/p>\n\n\n\n<h5 class=\"wp-block-heading\" id=\"sterben\">Sterben<\/h5>\n\n\n\n<p>In manchen Instanzen besteht die Chance durch Wasser, Lava oder durch Fallschaden zu sterben. <\/p>\n<\/div><\/div>\n","protected":false},"excerpt":{"rendered":"<p>Die Instanz Kral der Klingenhauer ist eine kurze und schnell zu farmende Instanz, welche viele teure rare Gegenst\u00e4nde auf dem Loot-Table hat. Der Eingang ist unter den Dornenranken leicht versteckt, [&hellip;]<\/p>\n","protected":false},"author":1,"featured_media":1464,"parent":673,"menu_order":5,"comment_status":"closed","ping_status":"closed","template":"","meta":{"_acf_changed":false,"site-sidebar-layout":"default","site-content-layout":"","ast-site-content-layout":"default","site-content-style":"default","site-sidebar-style":"default","ast-global-header-display":"","ast-banner-title-visibility":"","ast-main-header-display":"","ast-hfb-above-header-display":"","ast-hfb-below-header-display":"","ast-hfb-mobile-header-display":"","site-post-title":"","ast-breadcrumbs-content":"","ast-featured-img":"","footer-sml-layout":"","ast-disable-related-posts":"","theme-transparent-header-meta":"","adv-header-id-meta":"","stick-header-meta":"","header-above-stick-meta":"","header-main-stick-meta":"","header-below-stick-meta":"","astra-migrate-meta-layouts":"default","ast-page-background-enabled":"default","ast-page-background-meta":{"desktop":{"background-color":"","background-image":"","background-repeat":"repeat","background-position":"center center","background-size":"auto","background-attachment":"scroll","background-type":"","background-media":"","overlay-type":"","overlay-color":"","overlay-opacity":"","overlay-gradient":""},"tablet":{"background-color":"","background-image":"","background-repeat":"repeat","background-position":"center center","background-size":"auto","background-attachment":"scroll","background-type":"","background-media":"","overlay-type":"","overlay-color":"","overlay-opacity":"","overlay-gradient":""},"mobile":{"background-color":"","background-image":"","background-repeat":"repeat","background-position":"center center","background-size":"auto","background-attachment":"scroll","background-type":"","background-media":"","overlay-type":"","overlay-color":"","overlay-opacity":"","overlay-gradient":""}},"ast-content-background-meta":{"desktop":{"background-color":"var(--ast-global-color-5)","background-image":"","background-repeat":"repeat","background-position":"center center","background-size":"auto","background-attachment":"scroll","background-type":"","background-media":"","overlay-type":"","overlay-color":"","overlay-opacity":"","overlay-gradient":""},"tablet":{"background-color":"var(--ast-global-color-5)","background-image":"","background-repeat":"repeat","background-position":"center center","background-size":"auto","background-attachment":"scroll","background-type":"","background-media":"","overlay-type":"","overlay-color":"","overlay-opacity":"","overlay-gradient":""},"mobile":{"background-color":"var(--ast-global-color-5)","background-image":"","background-repeat":"repeat","background-position":"center center","background-size":"auto","background-attachment":"scroll","background-type":"","background-media":"","overlay-type":"","overlay-color":"","overlay-opacity":"","overlay-gradient":""}},"footnotes":""},"categories":[185],"class_list":["post-1375","page","type-page","status-publish","has-post-thumbnail","hentry","category-instanz"],"acf":[],"_links":{"self":[{"href":"https:\/\/transmog.goldgoblin.net\/de\/wp-json\/wp\/v2\/pages\/1375","targetHints":{"allow":["GET"]}}],"collection":[{"href":"https:\/\/transmog.goldgoblin.net\/de\/wp-json\/wp\/v2\/pages"}],"about":[{"href":"https:\/\/transmog.goldgoblin.net\/de\/wp-json\/wp\/v2\/types\/page"}],"author":[{"embeddable":true,"href":"https:\/\/transmog.goldgoblin.net\/de\/wp-json\/wp\/v2\/users\/1"}],"replies":[{"embeddable":true,"href":"https:\/\/transmog.goldgoblin.net\/de\/wp-json\/wp\/v2\/comments?post=1375"}],"version-history":[{"count":2,"href":"https:\/\/transmog.goldgoblin.net\/de\/wp-json\/wp\/v2\/pages\/1375\/revisions"}],"predecessor-version":[{"id":2854,"href":"https:\/\/transmog.goldgoblin.net\/de\/wp-json\/wp\/v2\/pages\/1375\/revisions\/2854"}],"up":[{"embeddable":true,"href":"https:\/\/transmog.goldgoblin.net\/de\/wp-json\/wp\/v2\/pages\/673"}],"wp:featuredmedia":[{"embeddable":true,"href":"https:\/\/transmog.goldgoblin.net\/de\/wp-json\/wp\/v2\/media\/1464"}],"wp:attachment":[{"href":"https:\/\/transmog.goldgoblin.net\/de\/wp-json\/wp\/v2\/media?parent=1375"}],"wp:term":[{"taxonomy":"category","embeddable":true,"href":"https:\/\/transmog.goldgoblin.net\/de\/wp-json\/wp\/v2\/categories?post=1375"}],"curies":[{"name":"wp","href":"https:\/\/api.w.org\/{rel}","templated":true}]}}