{"id":1382,"date":"2021-11-06T15:49:43","date_gmt":"2021-11-06T14:49:43","guid":{"rendered":"https:\/\/transmog.goldgoblin.net\/?page_id=1382"},"modified":"2021-11-16T17:43:00","modified_gmt":"2021-11-16T16:43:00","slug":"instanz-scharlachrotes-kloster","status":"publish","type":"page","link":"https:\/\/transmog.goldgoblin.net\/de\/transmog-farmen\/instanz-scharlachrotes-kloster\/","title":{"rendered":"Scharlachrotes Kloster"},"content":{"rendered":"\n<p>Im<strong> Scharlachroten Kloster<\/strong> sowie den <strong>Scharlachroten Hallen<\/strong> geht es uns weniger um seltene (gr\u00fcne) Gegenst\u00e4nde, sondern hier&nbsp;steht alles im Zeichen von raren (blauen) Drops. Der Wert dieser Items geht&nbsp;hoch bis zu 200.000 Gold. Welche das sind habe ich euch weiter unten aufgelistet. <\/p>\n\n\n\n<p>Wichtig: Beide Instanzen m\u00fcssen auf dem <strong>Schwierigkeitsgrad Normal<\/strong> gefarmt werden. <\/p>\n\n\n\n<h2 class=\"wp-block-heading\">Zone: Tirisfal (\u00d6stliche K\u00f6nigreiche)<\/h2>\n\n\n\n<div class=\"wp-block-image\"><figure class=\"aligncenter size-full\"><a href=\"https:\/\/transmog.goldgoblin.net\/wp-content\/uploads\/2021\/11\/Transmog-Dungeon-Position-Scarlet-Monastery-1.jpg\"><img loading=\"lazy\" decoding=\"async\" width=\"1030\" height=\"620\" src=\"https:\/\/transmog.goldgoblin.net\/wp-content\/uploads\/2021\/11\/Transmog-Dungeon-Position-Scarlet-Monastery-1.jpg\" alt=\"\" class=\"wp-image-2472\" srcset=\"https:\/\/transmog.goldgoblin.net\/wp-content\/uploads\/2021\/11\/Transmog-Dungeon-Position-Scarlet-Monastery-1.jpg 1030w, https:\/\/transmog.goldgoblin.net\/wp-content\/uploads\/2021\/11\/Transmog-Dungeon-Position-Scarlet-Monastery-1-300x181.jpg 300w\" sizes=\"auto, (max-width: 1030px) 100vw, 1030px\" \/><\/a><\/figure><\/div>\n\n\n\n<h2 class=\"wp-block-heading\">Ablauf und Farm Route <\/h2>\n\n\n\n<p>Im Kloster sowie in den Hallen k\u00f6nnt ihr euch nicht verlaufen, da es nur einen Weg gibt wie ihr von Boss zu Boss kommt. Wichtig ist, dass ihr <strong>alle R\u00e4ume und offenen Pl\u00e4tze von Gegner befreit<\/strong>. Beide Instanzen sind sehr kurz, weshalb ihr die 10 L\u00e4ufe in der Stunde leicht erreichen werdet. Meine Empfehlung ist, das Scharlachrote Kloster den Hallen vorzuziehen.<\/p>\n\n\n\n<h2 class=\"wp-block-heading\">Welche Items findet man in dieser Instanz?<\/h2>\n\n\n\n<p>Kurze Erkl\u00e4rung: Da die Preise f\u00fcr Transmog serverabh\u00e4ngig stark schwanken gebe ich keine fixen Werte in Gold mehr an. Die wertvolleren Gegenst\u00e4nde sind mit mehr Sternchen markiert. Ein Gegenstand mit 5 Sternchen <img decoding=\"async\" src=\"https:\/\/transmog.goldgoblin.net\/wp-content\/themes\/astra-goblin\/images\/star3.png\"><img decoding=\"async\" src=\"https:\/\/transmog.goldgoblin.net\/wp-content\/themes\/astra-goblin\/images\/star3.png\"><img decoding=\"async\" src=\"https:\/\/transmog.goldgoblin.net\/wp-content\/themes\/astra-goblin\/images\/star3.png\"><img decoding=\"async\" src=\"https:\/\/transmog.goldgoblin.net\/wp-content\/themes\/astra-goblin\/images\/star3.png\"><img decoding=\"async\" src=\"https:\/\/transmog.goldgoblin.net\/wp-content\/themes\/astra-goblin\/images\/star3.png\"> ist im Vergleich zu einem Gegenstand mit nur einem Stern <img decoding=\"async\" src=\"https:\/\/transmog.goldgoblin.net\/wp-content\/themes\/astra-goblin\/images\/star3.png\"> also auch entsprechend mehr wert. So bekommt ihr einen kleinen Eindruck, \u00fcber welche Gegenst\u00e4nde ihr euch beim farmen freuen solltet!<\/p>\n\n\n\n<div class=\"wp-block-columns gg-transmog-farm scarlet is-layout-flex wp-container-core-columns-is-layout-28f84493 wp-block-columns-is-layout-flex\">\n<div class=\"wp-block-column is-layout-flow wp-block-column-is-layout-flow\">\n<ul class=\"wp-block-list\"><li><a href=\"https:\/\/de.wowhead.com\/item=7759\/archonsbrustharnisch\" target=\"_blank\" rel=\"noreferrer noopener nofollow\">Archonsbrustharnisch<\/a> <div class=\"gg-gold-rating\" title=\"Erfahrungsgem\u00e4\u00dfer Wert dieses Items\"><img decoding=\"async\" src=\"https:\/\/transmog.goldgoblin.net\/wp-content\/themes\/astra-goblin\/images\/star3.png\"><img decoding=\"async\" src=\"https:\/\/transmog.goldgoblin.net\/wp-content\/themes\/astra-goblin\/images\/star3.png\"><img decoding=\"async\" src=\"https:\/\/transmog.goldgoblin.net\/wp-content\/themes\/astra-goblin\/images\/star3.png\"><img decoding=\"async\" src=\"https:\/\/transmog.goldgoblin.net\/wp-content\/themes\/astra-goblin\/images\/star3.png\"><\/div><\/li><li><a href=\"https:\/\/de.wowhead.com\/item=8225\/besudelter-durchstecher\" target=\"_blank\" rel=\"noreferrer noopener nofollow\">Besudelter Durchstecher<\/a> <div class=\"gg-gold-rating\" title=\"Erfahrungsgem\u00e4\u00dfer Wert dieses Items\"><img decoding=\"async\" src=\"https:\/\/transmog.goldgoblin.net\/wp-content\/themes\/astra-goblin\/images\/star3.png\"><img decoding=\"async\" src=\"https:\/\/transmog.goldgoblin.net\/wp-content\/themes\/astra-goblin\/images\/star3.png\"><img decoding=\"async\" src=\"https:\/\/transmog.goldgoblin.net\/wp-content\/themes\/astra-goblin\/images\/star3.png\"><img decoding=\"async\" src=\"https:\/\/transmog.goldgoblin.net\/wp-content\/themes\/astra-goblin\/images\/star3.png\"><\/div><\/li><li><a href=\"https:\/\/de.wowhead.com\/item=8226\/der-schl%C3%A4chter\" target=\"_blank\" rel=\"noreferrer noopener nofollow\">Der Schl\u00e4chter<\/a> <div class=\"gg-gold-rating\" title=\"Erfahrungsgem\u00e4\u00dfer Wert dieses Items\"><img decoding=\"async\" src=\"https:\/\/transmog.goldgoblin.net\/wp-content\/themes\/astra-goblin\/images\/star3.png\"><img decoding=\"async\" src=\"https:\/\/transmog.goldgoblin.net\/wp-content\/themes\/astra-goblin\/images\/star3.png\"><img decoding=\"async\" src=\"https:\/\/transmog.goldgoblin.net\/wp-content\/themes\/astra-goblin\/images\/star3.png\"><img decoding=\"async\" src=\"https:\/\/transmog.goldgoblin.net\/wp-content\/themes\/astra-goblin\/images\/star3.png\"><img decoding=\"async\" src=\"https:\/\/transmog.goldgoblin.net\/wp-content\/themes\/astra-goblin\/images\/star3.png\"><\/div><\/li><li><a href=\"https:\/\/de.wowhead.com\/item=7730\/kobaltzermalmer\" target=\"_blank\" rel=\"noreferrer noopener nofollow\">Kobaltzermalmer<\/a> <div class=\"gg-gold-rating\" title=\"Erfahrungsgem\u00e4\u00dfer Wert dieses Items\"><img decoding=\"async\" src=\"https:\/\/transmog.goldgoblin.net\/wp-content\/themes\/astra-goblin\/images\/star3.png\"><img decoding=\"async\" src=\"https:\/\/transmog.goldgoblin.net\/wp-content\/themes\/astra-goblin\/images\/star3.png\"><img decoding=\"async\" src=\"https:\/\/transmog.goldgoblin.net\/wp-content\/themes\/astra-goblin\/images\/star3.png\"><img decoding=\"async\" src=\"https:\/\/transmog.goldgoblin.net\/wp-content\/themes\/astra-goblin\/images\/star3.png\"><\/div><\/li><li><a href=\"https:\/\/de.wowhead.com\/item=4035\/silberfadenrobe\" target=\"_blank\" rel=\"noreferrer noopener nofollow\">Silberfadenrobe<\/a> <div class=\"gg-gold-rating\" title=\"Erfahrungsgem\u00e4\u00dfer Wert dieses Items\"><img decoding=\"async\" src=\"https:\/\/transmog.goldgoblin.net\/wp-content\/themes\/astra-goblin\/images\/star3.png\"><img decoding=\"async\" src=\"https:\/\/transmog.goldgoblin.net\/wp-content\/themes\/astra-goblin\/images\/star3.png\"><img decoding=\"async\" src=\"https:\/\/transmog.goldgoblin.net\/wp-content\/themes\/astra-goblin\/images\/star3.png\"><\/div><\/li><\/ul>\n<\/div>\n\n\n\n<div class=\"wp-block-column is-layout-flow wp-block-column-is-layout-flow\">\n<ul class=\"wp-block-list\"><li><a href=\"https:\/\/de.wowhead.com\/item=10332\/scharlachrote-stiefel\" target=\"_blank\" rel=\"noreferrer noopener nofollow\">Scharlachrote Stiefel<\/a> <div class=\"gg-gold-rating\" title=\"Erfahrungsgem\u00e4\u00dfer Wert dieses Items\"><img decoding=\"async\" src=\"https:\/\/transmog.goldgoblin.net\/wp-content\/themes\/astra-goblin\/images\/star3.png\"><img decoding=\"async\" src=\"https:\/\/transmog.goldgoblin.net\/wp-content\/themes\/astra-goblin\/images\/star3.png\"><img decoding=\"async\" src=\"https:\/\/transmog.goldgoblin.net\/wp-content\/themes\/astra-goblin\/images\/star3.png\"><img decoding=\"async\" src=\"https:\/\/transmog.goldgoblin.net\/wp-content\/themes\/astra-goblin\/images\/star3.png\"><img decoding=\"async\" src=\"https:\/\/transmog.goldgoblin.net\/wp-content\/themes\/astra-goblin\/images\/star3.png\"><\/div><\/li><li><a href=\"https:\/\/de.wowhead.com\/item=1992\/schlammfr%C3%B6stelfetisch\" target=\"_blank\" rel=\"noreferrer noopener nofollow\">Schlammfr\u00f6stelfetisch<\/a> <div class=\"gg-gold-rating\" title=\"Erfahrungsgem\u00e4\u00dfer Wert dieses Items\"><img decoding=\"async\" src=\"https:\/\/transmog.goldgoblin.net\/wp-content\/themes\/astra-goblin\/images\/star3.png\"><img decoding=\"async\" src=\"https:\/\/transmog.goldgoblin.net\/wp-content\/themes\/astra-goblin\/images\/star3.png\"><img decoding=\"async\" src=\"https:\/\/transmog.goldgoblin.net\/wp-content\/themes\/astra-goblin\/images\/star3.png\"><\/div><\/li><li><a href=\"https:\/\/de.wowhead.com\/item=7728\/t%C3%A4uscherroben\" target=\"_blank\" rel=\"noreferrer noopener nofollow\">T\u00e4uscherroben<\/a> <div class=\"gg-gold-rating\" title=\"Erfahrungsgem\u00e4\u00dfer Wert dieses Items\"><img decoding=\"async\" src=\"https:\/\/transmog.goldgoblin.net\/wp-content\/themes\/astra-goblin\/images\/star3.png\"><img decoding=\"async\" src=\"https:\/\/transmog.goldgoblin.net\/wp-content\/themes\/astra-goblin\/images\/star3.png\"><img decoding=\"async\" src=\"https:\/\/transmog.goldgoblin.net\/wp-content\/themes\/astra-goblin\/images\/star3.png\"><img decoding=\"async\" src=\"https:\/\/transmog.goldgoblin.net\/wp-content\/themes\/astra-goblin\/images\/star3.png\"><img decoding=\"async\" src=\"https:\/\/transmog.goldgoblin.net\/wp-content\/themes\/astra-goblin\/images\/star3.png\"><\/div><\/li><li><a href=\"https:\/\/de.wowhead.com\/item=5756\/splitterklinge\" target=\"_blank\" rel=\"noreferrer noopener nofollow\">Splitterklinge<\/a> <div class=\"gg-gold-rating\" title=\"Erfahrungsgem\u00e4\u00dfer Wert dieses Items\"><img decoding=\"async\" src=\"https:\/\/transmog.goldgoblin.net\/wp-content\/themes\/astra-goblin\/images\/star3.png\"><img decoding=\"async\" src=\"https:\/\/transmog.goldgoblin.net\/wp-content\/themes\/astra-goblin\/images\/star3.png\"><img decoding=\"async\" src=\"https:\/\/transmog.goldgoblin.net\/wp-content\/themes\/astra-goblin\/images\/star3.png\"><\/div><\/li><li><a href=\"https:\/\/de.wowhead.com\/item=7761\/stahlklauenh%C3%A4scher\" target=\"_blank\" rel=\"noreferrer noopener nofollow\">Stahlklauenh\u00e4scher<\/a> <div class=\"gg-gold-rating\" title=\"Erfahrungsgem\u00e4\u00dfer Wert dieses Items\"><img decoding=\"async\" src=\"https:\/\/transmog.goldgoblin.net\/wp-content\/themes\/astra-goblin\/images\/star3.png\"><img decoding=\"async\" src=\"https:\/\/transmog.goldgoblin.net\/wp-content\/themes\/astra-goblin\/images\/star3.png\"><img decoding=\"async\" src=\"https:\/\/transmog.goldgoblin.net\/wp-content\/themes\/astra-goblin\/images\/star3.png\"><img decoding=\"async\" src=\"https:\/\/transmog.goldgoblin.net\/wp-content\/themes\/astra-goblin\/images\/star3.png\"><img decoding=\"async\" src=\"https:\/\/transmog.goldgoblin.net\/wp-content\/themes\/astra-goblin\/images\/star3.png\"><\/div><\/li><\/ul>\n<\/div>\n<\/div>\n\n\n\n<p>Am Ende einer Instanz geht es darum, so schnell wie m\u00f6glich wieder an den Eingang zu kommen. Nur wenige Instanzen haben am Ende einen Ausgang. Folgende Methoden k\u00f6nnt ihr nutzen:<\/p>\n\n\n\n<div class=\"wp-block-group dungeon-leave is-layout-flow wp-block-group-is-layout-flow\"><div class=\"wp-block-group__inner-container\">\n<h5 class=\"druid wp-block-heading\" id=\"druide-traumwanderung\"><mark style=\"background-color:rgba(0, 0, 0, 0);color:#ff7c0a\" class=\"has-inline-color\">Druide <\/mark>&#8211; Traumwanderung<\/h5>\n\n\n\n<p>Der Druide ist f\u00fcr das Transmog farmen die Ideale Wahl, da er sich mithilfe der <a href=\"https:\/\/de.wowhead.com\/spell=193753\/traumwanderung\" rel=\"nofollow noopener\" target=\"_blank\">Traumwanderung<\/a> in den Smaragdgr\u00fcnen Alptraum porten kann. Dort angekommen, dr\u00fcckt ihr erneut auf die Traumwanderung und steht automatisch vor eurer letzten Instanz. Solltet ihr kein Legion gespielt haben, dann m\u00fcsst ihr Teleport: Mondlichtung benutzen.<\/p>\n\n\n\n<h5 class=\"monk wp-block-heading\" id=\"monch-zenpilgerfahrt\"><mark style=\"background-color:rgba(0, 0, 0, 0);color:#00ff98\" class=\"has-inline-color\">M\u00f6nch <\/mark>&#8211; Zenpilgerfahrt<\/h5>\n\n\n\n<p>Als M\u00f6nch k\u00f6nnt ihr den Zauber <a href=\"https:\/\/de.wowhead.com\/spell=126892\/zenpilgerfahrt\" rel=\"nofollow noopener\" target=\"_blank\">Zenpilgerfahrt<\/a> nutzen, welcher euch zu eurem Heimattempel bringt. Erneutes nutzen dieses Zaubers bringt euch wieder vor den Eingang der letzten Instanz. Dieser Zauber hat einen 60 Sekunden Cooldown.<\/p>\n\n\n\n<h5 class=\"dk wp-block-heading\" id=\"todesritter-schwarzes-tor\"><mark style=\"background-color:rgba(0, 0, 0, 0);color:#c41e3a\" class=\"has-inline-color\">Todesritter <\/mark>&#8211; Schwarzes Tor<\/h5>\n\n\n\n<p>Als Todesritter k\u00f6nnt ihr den Zauber <a href=\"https:\/\/de.wowhead.com\/spell=50977\/schwarzes-tor\" rel=\"nofollow noopener\" target=\"_blank\">Schwarze Tor<\/a> nutzen, welcher euch in die Festung bringt. Erneutes nutzen dieses Zaubers bringt euch wieder vor den Eingang der letzten Instanz. Dieser Zauber hat einen 60 Sekunden Cooldown.<\/p>\n\n\n\n<h5 class=\"wp-block-heading\" id=\"gruppensuch-funktion\">Gruppensuch-Funktion<\/h5>\n\n\n\n<p>\u00dcber das Gruppesuche-Tool k\u00f6nnt ihr unter Benutzerdefiniert eine Random Gruppe erstellen und anmelden. Im Anschluss klickt ihr auf euer Avatarbild im Spiel und w\u00e4hlt &#8222;Gruppe verlassen&#8220;. Nach 60 Sekunden werdet ihr aus der Instanz geportet und steht lebend an der Position des Geistheilers. Ihr solltet diese Funktion so timen, dass ihr nur noch wenige Sekunden vor dem Ende der Instanz seid, bevor ihr raus geportet werden.<\/p>\n\n\n\n<h5 class=\"wp-block-heading\" id=\"sterben\">Sterben<\/h5>\n\n\n\n<p>In manchen Instanzen besteht die Chance durch Wasser, Lava oder durch Fallschaden zu sterben. <\/p>\n<\/div><\/div>\n\n\n\n<h2 class=\"wp-block-heading\">Video: Auswertung von 800 Kloster-Runs<\/h2>\n\n\n\n<p>Im Rahmen einer Challenge in meinem Live-Stream wurden 800 Kloster-L\u00e4ufe absolviert. Die Auswertung k\u00f6nnt ihr euch in diesem Video ansehen.<\/p>\n\n\n\n<figure class=\"wp-block-embed is-type-video is-provider-youtube wp-block-embed-youtube wp-embed-aspect-16-9 wp-has-aspect-ratio\"><div class=\"wp-block-embed__wrapper\">\n<iframe loading=\"lazy\" title=\"Transmog Scharlachrotes Kloster\/Hallen | 800 Runs! WoW !\" width=\"500\" height=\"281\" src=\"https:\/\/www.youtube.com\/embed\/sSviBUGl5SE?feature=oembed\" frameborder=\"0\" allow=\"accelerometer; autoplay; clipboard-write; encrypted-media; gyroscope; picture-in-picture; web-share\" referrerpolicy=\"strict-origin-when-cross-origin\" allowfullscreen><\/iframe>\n<\/div><\/figure>\n","protected":false},"excerpt":{"rendered":"<p>Im Scharlachroten Kloster sowie den Scharlachroten Hallen geht es uns weniger um seltene (gr\u00fcne) Gegenst\u00e4nde, sondern hier&nbsp;steht alles im Zeichen von raren (blauen) Drops. Der Wert dieser Items geht&nbsp;hoch bis [&hellip;]<\/p>\n","protected":false},"author":1,"featured_media":1456,"parent":673,"menu_order":7,"comment_status":"closed","ping_status":"closed","template":"","meta":{"_acf_changed":false,"site-sidebar-layout":"default","site-content-layout":"","ast-site-content-layout":"default","site-content-style":"default","site-sidebar-style":"default","ast-global-header-display":"","ast-banner-title-visibility":"","ast-main-header-display":"","ast-hfb-above-header-display":"","ast-hfb-below-header-display":"","ast-hfb-mobile-header-display":"","site-post-title":"","ast-breadcrumbs-content":"","ast-featured-img":"","footer-sml-layout":"","ast-disable-related-posts":"","theme-transparent-header-meta":"","adv-header-id-meta":"","stick-header-meta":"","header-above-stick-meta":"","header-main-stick-meta":"","header-below-stick-meta":"","astra-migrate-meta-layouts":"default","ast-page-background-enabled":"default","ast-page-background-meta":{"desktop":{"background-color":"","background-image":"","background-repeat":"repeat","background-position":"center center","background-size":"auto","background-attachment":"scroll","background-type":"","background-media":"","overlay-type":"","overlay-color":"","overlay-opacity":"","overlay-gradient":""},"tablet":{"background-color":"","background-image":"","background-repeat":"repeat","background-position":"center center","background-size":"auto","background-attachment":"scroll","background-type":"","background-media":"","overlay-type":"","overlay-color":"","overlay-opacity":"","overlay-gradient":""},"mobile":{"background-color":"","background-image":"","background-repeat":"repeat","background-position":"center center","background-size":"auto","background-attachment":"scroll","background-type":"","background-media":"","overlay-type":"","overlay-color":"","overlay-opacity":"","overlay-gradient":""}},"ast-content-background-meta":{"desktop":{"background-color":"var(--ast-global-color-5)","background-image":"","background-repeat":"repeat","background-position":"center center","background-size":"auto","background-attachment":"scroll","background-type":"","background-media":"","overlay-type":"","overlay-color":"","overlay-opacity":"","overlay-gradient":""},"tablet":{"background-color":"var(--ast-global-color-5)","background-image":"","background-repeat":"repeat","background-position":"center center","background-size":"auto","background-attachment":"scroll","background-type":"","background-media":"","overlay-type":"","overlay-color":"","overlay-opacity":"","overlay-gradient":""},"mobile":{"background-color":"var(--ast-global-color-5)","background-image":"","background-repeat":"repeat","background-position":"center center","background-size":"auto","background-attachment":"scroll","background-type":"","background-media":"","overlay-type":"","overlay-color":"","overlay-opacity":"","overlay-gradient":""}},"footnotes":""},"categories":[185],"class_list":["post-1382","page","type-page","status-publish","has-post-thumbnail","hentry","category-instanz"],"acf":[],"_links":{"self":[{"href":"https:\/\/transmog.goldgoblin.net\/de\/wp-json\/wp\/v2\/pages\/1382","targetHints":{"allow":["GET"]}}],"collection":[{"href":"https:\/\/transmog.goldgoblin.net\/de\/wp-json\/wp\/v2\/pages"}],"about":[{"href":"https:\/\/transmog.goldgoblin.net\/de\/wp-json\/wp\/v2\/types\/page"}],"author":[{"embeddable":true,"href":"https:\/\/transmog.goldgoblin.net\/de\/wp-json\/wp\/v2\/users\/1"}],"replies":[{"embeddable":true,"href":"https:\/\/transmog.goldgoblin.net\/de\/wp-json\/wp\/v2\/comments?post=1382"}],"version-history":[{"count":1,"href":"https:\/\/transmog.goldgoblin.net\/de\/wp-json\/wp\/v2\/pages\/1382\/revisions"}],"predecessor-version":[{"id":2870,"href":"https:\/\/transmog.goldgoblin.net\/de\/wp-json\/wp\/v2\/pages\/1382\/revisions\/2870"}],"up":[{"embeddable":true,"href":"https:\/\/transmog.goldgoblin.net\/de\/wp-json\/wp\/v2\/pages\/673"}],"wp:featuredmedia":[{"embeddable":true,"href":"https:\/\/transmog.goldgoblin.net\/de\/wp-json\/wp\/v2\/media\/1456"}],"wp:attachment":[{"href":"https:\/\/transmog.goldgoblin.net\/de\/wp-json\/wp\/v2\/media?parent=1382"}],"wp:term":[{"taxonomy":"category","embeddable":true,"href":"https:\/\/transmog.goldgoblin.net\/de\/wp-json\/wp\/v2\/categories?post=1382"}],"curies":[{"name":"wp","href":"https:\/\/api.w.org\/{rel}","templated":true}]}}