{"id":1384,"date":"2021-11-06T15:49:58","date_gmt":"2021-11-06T14:49:58","guid":{"rendered":"https:\/\/transmog.goldgoblin.net\/?page_id=1384"},"modified":"2021-11-15T20:14:06","modified_gmt":"2021-11-15T19:14:06","slug":"instanz-stratholme","status":"publish","type":"page","link":"https:\/\/transmog.goldgoblin.net\/de\/transmog-farmen\/instanz-stratholme\/","title":{"rendered":"Stratholme (Dienstboteneingang)"},"content":{"rendered":"\n<p>Der Dienstboteneingang von Stratholme ist vielen ein Begriff aufgrund der Tatsache, dass der Endboss dieser Instanz euch mit einem Reittier, den <a href=\"https:\/\/de.wowhead.com\/item=13335\/z%C3%BCgel-des-todesstreitrosses\" target=\"_blank\" rel=\"noreferrer noopener nofollow\">Z\u00fcgel des Todesstreitrossen<\/a> belohnen kann. Neben diesem Reittier beherbergt diese Instanz zus\u00e4tzlich noch Transmogs von besonderem Wert. Der Eingang liegt \u00f6stlich vom Haupteingang der Instanz.<\/p>\n\n\n\n<h2 class=\"wp-block-heading\">Zone:&nbsp; \u00d6stliche Pestl\u00e4nder (\u00d6stliche K\u00f6nigreiche) <\/h2>\n\n\n\n<figure class=\"wp-block-image size-full\"><img loading=\"lazy\" decoding=\"async\" width=\"1030\" height=\"620\" src=\"https:\/\/transmog.goldgoblin.net\/wp-content\/uploads\/2021\/11\/Transmog-Dungeon-Position-Stratholme.jpg\" alt=\"\" class=\"wp-image-2442\" srcset=\"https:\/\/transmog.goldgoblin.net\/wp-content\/uploads\/2021\/11\/Transmog-Dungeon-Position-Stratholme.jpg 1030w, https:\/\/transmog.goldgoblin.net\/wp-content\/uploads\/2021\/11\/Transmog-Dungeon-Position-Stratholme-300x181.jpg 300w\" sizes=\"auto, (max-width: 1030px) 100vw, 1030px\" \/><\/figure>\n\n\n\n<h2 class=\"wp-block-heading\"> Ablauf und Farm Route <\/h2>\n\n\n\n<div class=\"wp-block-image\"><figure class=\"aligncenter size-full is-resized\"><a href=\"https:\/\/transmog.goldgoblin.net\/wp-content\/uploads\/2021\/11\/Transmog-Farmroute-Stratholme-1.jpg\"><img loading=\"lazy\" decoding=\"async\" src=\"https:\/\/transmog.goldgoblin.net\/wp-content\/uploads\/2021\/11\/Transmog-Farmroute-Stratholme-1.jpg\" alt=\"\" class=\"wp-image-2498\" width=\"495\" height=\"330\" srcset=\"https:\/\/transmog.goldgoblin.net\/wp-content\/uploads\/2021\/11\/Transmog-Farmroute-Stratholme-1.jpg 990w, https:\/\/transmog.goldgoblin.net\/wp-content\/uploads\/2021\/11\/Transmog-Farmroute-Stratholme-1-300x200.jpg 300w\" sizes=\"auto, (max-width: 495px) 100vw, 495px\" \/><\/a><figcaption>Farmroute Stratholme (Dienstboteneingang)<\/figcaption><\/figure><\/div>\n\n\n\n<p>Ihr m\u00fcsst nacheinander in die Ziggurats 1-3 gehen und dort alles t\u00f6ten, da sich sonst das Tor bei Punkt 4 nicht \u00f6ffnet. In Raum 5 (Hof) erwarten euch verschiedenste Wellen an Gegnern. Sobald diese vorbei ist k\u00f6nnt ihr den Endboss in Raum 6 legen und auf das Reittier hoffen.<\/p>\n\n\n\n<h3 class=\"wp-block-heading\">Welche Items findet man in dieser Instanz?<\/h3>\n\n\n\n<p>Kurze Erkl\u00e4rung: Da die Preise f\u00fcr Transmog serverabh\u00e4ngig stark schwanken gebe ich keine fixen Werte in Gold mehr an. Die wertvolleren Gegenst\u00e4nde sind mit mehr Sternchen markiert. Ein Gegenstand mit 5 Sternchen <img decoding=\"async\" src=\"https:\/\/transmog.goldgoblin.net\/wp-content\/themes\/astra-goblin\/images\/star3.png\"><img decoding=\"async\" src=\"https:\/\/transmog.goldgoblin.net\/wp-content\/themes\/astra-goblin\/images\/star3.png\"><img decoding=\"async\" src=\"https:\/\/transmog.goldgoblin.net\/wp-content\/themes\/astra-goblin\/images\/star3.png\"><img decoding=\"async\" src=\"https:\/\/transmog.goldgoblin.net\/wp-content\/themes\/astra-goblin\/images\/star3.png\"><img decoding=\"async\" src=\"https:\/\/transmog.goldgoblin.net\/wp-content\/themes\/astra-goblin\/images\/star3.png\"> ist im Vergleich zu einem Gegenstand mit nur einem Stern <img decoding=\"async\" src=\"https:\/\/transmog.goldgoblin.net\/wp-content\/themes\/astra-goblin\/images\/star3.png\"> also auch entsprechend mehr wert. So bekommt ihr einen kleinen Eindruck, \u00fcber welche Gegenst\u00e4nde ihr euch beim farmen freuen solltet!<\/p>\n\n\n\n<div class=\"wp-block-columns gg-transmog-farm stratholme is-layout-flex wp-container-core-columns-is-layout-28f84493 wp-block-columns-is-layout-flex\">\n<div class=\"wp-block-column is-layout-flow wp-block-column-is-layout-flow\">\n<ul class=\"gg-transmog-farm wp-block-list\"><li><a href=\"https:\/\/de.wowhead.com\/item=18745\/heilige-stoffhosen?bonus=6710\" rel=\"nofollow noopener\" target=\"_blank\">Heilige Stoffhosen<\/a>  <div class=\"gg-gold-rating\" title=\"Erfahrungsgem\u00e4\u00dfer Wert dieses Items\"><img decoding=\"async\" src=\"https:\/\/transmog.goldgoblin.net\/wp-content\/themes\/astra-goblin\/images\/star3.png\"><img decoding=\"async\" src=\"https:\/\/transmog.goldgoblin.net\/wp-content\/themes\/astra-goblin\/images\/star3.png\"><img decoding=\"async\" src=\"https:\/\/transmog.goldgoblin.net\/wp-content\/themes\/astra-goblin\/images\/star3.png\"><img decoding=\"async\" src=\"https:\/\/transmog.goldgoblin.net\/wp-content\/themes\/astra-goblin\/images\/star3.png\"><\/div><\/li><li><a href=\"https:\/\/de.wowhead.com\/item=18743\/anmutiger-umhang?bonus=6710\" rel=\"nofollow noopener\" target=\"_blank\">Anmutiger Umhang<\/a>  <div class=\"gg-gold-rating\" title=\"Erfahrungsgem\u00e4\u00dfer Wert dieses Items\"><img decoding=\"async\" src=\"https:\/\/transmog.goldgoblin.net\/wp-content\/themes\/astra-goblin\/images\/star3.png\"><img decoding=\"async\" src=\"https:\/\/transmog.goldgoblin.net\/wp-content\/themes\/astra-goblin\/images\/star3.png\"><img decoding=\"async\" src=\"https:\/\/transmog.goldgoblin.net\/wp-content\/themes\/astra-goblin\/images\/star3.png\"><img decoding=\"async\" src=\"https:\/\/transmog.goldgoblin.net\/wp-content\/themes\/astra-goblin\/images\/star3.png\"><\/div><\/li><li><a href=\"https:\/\/de.wowhead.com\/item=18744\/handschuhe-aus-seuchenfledermauspelz?bonus=6710\" rel=\"nofollow noopener\" target=\"_blank\">Handschuhe aus Seuchenfledermauspelz<\/a>  <div class=\"gg-gold-rating\" title=\"Erfahrungsgem\u00e4\u00dfer Wert dieses Items\"><img decoding=\"async\" src=\"https:\/\/transmog.goldgoblin.net\/wp-content\/themes\/astra-goblin\/images\/star3.png\"><img decoding=\"async\" src=\"https:\/\/transmog.goldgoblin.net\/wp-content\/themes\/astra-goblin\/images\/star3.png\"><img decoding=\"async\" src=\"https:\/\/transmog.goldgoblin.net\/wp-content\/themes\/astra-goblin\/images\/star3.png\"><img decoding=\"async\" src=\"https:\/\/transmog.goldgoblin.net\/wp-content\/themes\/astra-goblin\/images\/star3.png\"><img decoding=\"async\" src=\"https:\/\/transmog.goldgoblin.net\/wp-content\/themes\/astra-goblin\/images\/star3.png\"><\/div><\/li><li><a href=\"https:\/\/de.wowhead.com\/item=18742\/schulterschutz-der-stratholmemiliz?bonus=6710\" rel=\"nofollow noopener\" target=\"_blank\">Schulterschutz der Stratholmemiliz<\/a>  <div class=\"gg-gold-rating\" title=\"Erfahrungsgem\u00e4\u00dfer Wert dieses Items\"><img decoding=\"async\" src=\"https:\/\/transmog.goldgoblin.net\/wp-content\/themes\/astra-goblin\/images\/star3.png\"><img decoding=\"async\" src=\"https:\/\/transmog.goldgoblin.net\/wp-content\/themes\/astra-goblin\/images\/star3.png\"><img decoding=\"async\" src=\"https:\/\/transmog.goldgoblin.net\/wp-content\/themes\/astra-goblin\/images\/star3.png\"><img decoding=\"async\" src=\"https:\/\/transmog.goldgoblin.net\/wp-content\/themes\/astra-goblin\/images\/star3.png\"><img decoding=\"async\" src=\"https:\/\/transmog.goldgoblin.net\/wp-content\/themes\/astra-goblin\/images\/star3.png\"><\/div><\/li><li><a href=\"https:\/\/de.wowhead.com\/item=18736\/seuchenhundbeinlinge?bonus=6710\" target=\"_blank\" rel=\"noreferrer noopener nofollow\">Seuchenhundbeinlinge<\/a>  <div class=\"gg-gold-rating\" title=\"Erfahrungsgem\u00e4\u00dfer Wert dieses Items\"><img decoding=\"async\" src=\"https:\/\/transmog.goldgoblin.net\/wp-content\/themes\/astra-goblin\/images\/star3.png\"><img decoding=\"async\" src=\"https:\/\/transmog.goldgoblin.net\/wp-content\/themes\/astra-goblin\/images\/star3.png\"><img decoding=\"async\" src=\"https:\/\/transmog.goldgoblin.net\/wp-content\/themes\/astra-goblin\/images\/star3.png\"><img decoding=\"async\" src=\"https:\/\/transmog.goldgoblin.net\/wp-content\/themes\/astra-goblin\/images\/star3.png\"><img decoding=\"async\" src=\"https:\/\/transmog.goldgoblin.net\/wp-content\/themes\/astra-goblin\/images\/star3.png\"><\/div><\/li><li><a href=\"https:\/\/de.wowhead.com\/item=17061\/junos-schatten?bonus=6691\" target=\"_blank\" rel=\"noreferrer noopener nofollow\">Junos Schatten<\/a>  <div class=\"gg-gold-rating\" title=\"Erfahrungsgem\u00e4\u00dfer Wert dieses Items\"><img decoding=\"async\" src=\"https:\/\/transmog.goldgoblin.net\/wp-content\/themes\/astra-goblin\/images\/star3.png\"><img decoding=\"async\" src=\"https:\/\/transmog.goldgoblin.net\/wp-content\/themes\/astra-goblin\/images\/star3.png\"><img decoding=\"async\" src=\"https:\/\/transmog.goldgoblin.net\/wp-content\/themes\/astra-goblin\/images\/star3.png\"><img decoding=\"async\" src=\"https:\/\/transmog.goldgoblin.net\/wp-content\/themes\/astra-goblin\/images\/star3.png\"><\/div><\/li><li><a href=\"https:\/\/de.wowhead.com\/item=74274\/pl%C3%A4ne-phantomklinge\" rel=\"nofollow noopener\" target=\"_blank\">Pl\u00e4ne: Phantomklinge<\/a>  <div class=\"gg-gold-rating\" title=\"Erfahrungsgem\u00e4\u00dfer Wert dieses Items\"><img decoding=\"async\" src=\"https:\/\/transmog.goldgoblin.net\/wp-content\/themes\/astra-goblin\/images\/star3.png\"><img decoding=\"async\" src=\"https:\/\/transmog.goldgoblin.net\/wp-content\/themes\/astra-goblin\/images\/star3.png\"><img decoding=\"async\" src=\"https:\/\/transmog.goldgoblin.net\/wp-content\/themes\/astra-goblin\/images\/star3.png\"><img decoding=\"async\" src=\"https:\/\/transmog.goldgoblin.net\/wp-content\/themes\/astra-goblin\/images\/star3.png\"><img decoding=\"async\" src=\"https:\/\/transmog.goldgoblin.net\/wp-content\/themes\/astra-goblin\/images\/star3.png\"><\/div><\/li><\/ul>\n\n\n\n<p>Der Plan f\u00fcr die Phantomklinge ist an euch gebunden.<br>Als Schmied k\u00f6nnt ihr dadurch eine beliebte Transmog-Waffe herstellen.<\/p>\n<\/div>\n<\/div>\n\n\n\n<p>Am Ende einer Instanz geht es darum, so schnell wie m\u00f6glich wieder an den Eingang zu kommen. Nur wenige Instanzen haben am Ende einen Ausgang. Folgende Methoden k\u00f6nnt ihr nutzen:<\/p>\n\n\n\n<div class=\"wp-block-group dungeon-leave is-layout-flow wp-block-group-is-layout-flow\"><div class=\"wp-block-group__inner-container\">\n<h5 class=\"druid wp-block-heading\" id=\"druide-traumwanderung\"><mark style=\"background-color:rgba(0, 0, 0, 0);color:#ff7c0a\" class=\"has-inline-color\">Druide <\/mark>&#8211; Traumwanderung<\/h5>\n\n\n\n<p>Der Druide ist f\u00fcr das Transmog farmen die Ideale Wahl, da er sich mithilfe der <a href=\"https:\/\/de.wowhead.com\/spell=193753\/traumwanderung\" rel=\"nofollow noopener\" target=\"_blank\">Traumwanderung<\/a> in den Smaragdgr\u00fcnen Alptraum porten kann. Dort angekommen, dr\u00fcckt ihr erneut auf die Traumwanderung und steht automatisch vor eurer letzten Instanz. Solltet ihr kein Legion gespielt haben, dann m\u00fcsst ihr Teleport: Mondlichtung benutzen.<\/p>\n\n\n\n<h5 class=\"monk wp-block-heading\" id=\"monch-zenpilgerfahrt\"><mark style=\"background-color:rgba(0, 0, 0, 0);color:#00ff98\" class=\"has-inline-color\">M\u00f6nch <\/mark>&#8211; Zenpilgerfahrt<\/h5>\n\n\n\n<p>Als M\u00f6nch k\u00f6nnt ihr den Zauber <a href=\"https:\/\/de.wowhead.com\/spell=126892\/zenpilgerfahrt\" rel=\"nofollow noopener\" target=\"_blank\">Zenpilgerfahrt<\/a> nutzen, welcher euch zu eurem Heimattempel bringt. Erneutes nutzen dieses Zaubers bringt euch wieder vor den Eingang der letzten Instanz. Dieser Zauber hat einen 60 Sekunden Cooldown.<\/p>\n\n\n\n<h5 class=\"dk wp-block-heading\" id=\"todesritter-schwarzes-tor\"><mark style=\"background-color:rgba(0, 0, 0, 0);color:#c41e3a\" class=\"has-inline-color\">Todesritter <\/mark>&#8211; Schwarzes Tor<\/h5>\n\n\n\n<p>Als Todesritter k\u00f6nnt ihr den Zauber <a href=\"https:\/\/de.wowhead.com\/spell=50977\/schwarzes-tor\" rel=\"nofollow noopener\" target=\"_blank\">Schwarze Tor<\/a> nutzen, welcher euch in die Festung bringt. Erneutes nutzen dieses Zaubers bringt euch wieder vor den Eingang der letzten Instanz. Dieser Zauber hat einen 60 Sekunden Cooldown.<\/p>\n\n\n\n<h5 class=\"wp-block-heading\" id=\"gruppensuch-funktion\">Gruppensuch-Funktion<\/h5>\n\n\n\n<p>\u00dcber das Gruppesuche-Tool k\u00f6nnt ihr unter Benutzerdefiniert eine Random Gruppe erstellen und anmelden. Im Anschluss klickt ihr auf euer Avatarbild im Spiel und w\u00e4hlt &#8222;Gruppe verlassen&#8220;. Nach 60 Sekunden werdet ihr aus der Instanz geportet und steht lebend an der Position des Geistheilers. Ihr solltet diese Funktion so timen, dass ihr nur noch wenige Sekunden vor dem Ende der Instanz seid, bevor ihr raus geportet werden.<\/p>\n\n\n\n<h5 class=\"wp-block-heading\" id=\"sterben\">Sterben<\/h5>\n\n\n\n<p>In manchen Instanzen besteht die Chance durch Wasser, Lava oder durch Fallschaden zu sterben. <\/p>\n<\/div><\/div>\n","protected":false},"excerpt":{"rendered":"<p>Der Dienstboteneingang von Stratholme ist vielen ein Begriff aufgrund der Tatsache, dass der Endboss dieser Instanz euch mit einem Reittier, den Z\u00fcgel des Todesstreitrossen belohnen kann. Neben diesem Reittier beherbergt [&hellip;]<\/p>\n","protected":false},"author":1,"featured_media":1452,"parent":673,"menu_order":10,"comment_status":"closed","ping_status":"closed","template":"","meta":{"_acf_changed":false,"site-sidebar-layout":"default","site-content-layout":"","ast-site-content-layout":"default","site-content-style":"default","site-sidebar-style":"default","ast-global-header-display":"","ast-banner-title-visibility":"","ast-main-header-display":"","ast-hfb-above-header-display":"","ast-hfb-below-header-display":"","ast-hfb-mobile-header-display":"","site-post-title":"","ast-breadcrumbs-content":"","ast-featured-img":"","footer-sml-layout":"","ast-disable-related-posts":"","theme-transparent-header-meta":"","adv-header-id-meta":"","stick-header-meta":"","header-above-stick-meta":"","header-main-stick-meta":"","header-below-stick-meta":"","astra-migrate-meta-layouts":"default","ast-page-background-enabled":"default","ast-page-background-meta":{"desktop":{"background-color":"","background-image":"","background-repeat":"repeat","background-position":"center center","background-size":"auto","background-attachment":"scroll","background-type":"","background-media":"","overlay-type":"","overlay-color":"","overlay-opacity":"","overlay-gradient":""},"tablet":{"background-color":"","background-image":"","background-repeat":"repeat","background-position":"center center","background-size":"auto","background-attachment":"scroll","background-type":"","background-media":"","overlay-type":"","overlay-color":"","overlay-opacity":"","overlay-gradient":""},"mobile":{"background-color":"","background-image":"","background-repeat":"repeat","background-position":"center center","background-size":"auto","background-attachment":"scroll","background-type":"","background-media":"","overlay-type":"","overlay-color":"","overlay-opacity":"","overlay-gradient":""}},"ast-content-background-meta":{"desktop":{"background-color":"var(--ast-global-color-5)","background-image":"","background-repeat":"repeat","background-position":"center center","background-size":"auto","background-attachment":"scroll","background-type":"","background-media":"","overlay-type":"","overlay-color":"","overlay-opacity":"","overlay-gradient":""},"tablet":{"background-color":"var(--ast-global-color-5)","background-image":"","background-repeat":"repeat","background-position":"center center","background-size":"auto","background-attachment":"scroll","background-type":"","background-media":"","overlay-type":"","overlay-color":"","overlay-opacity":"","overlay-gradient":""},"mobile":{"background-color":"var(--ast-global-color-5)","background-image":"","background-repeat":"repeat","background-position":"center center","background-size":"auto","background-attachment":"scroll","background-type":"","background-media":"","overlay-type":"","overlay-color":"","overlay-opacity":"","overlay-gradient":""}},"footnotes":""},"categories":[185],"class_list":["post-1384","page","type-page","status-publish","has-post-thumbnail","hentry","category-instanz"],"acf":[],"_links":{"self":[{"href":"https:\/\/transmog.goldgoblin.net\/de\/wp-json\/wp\/v2\/pages\/1384","targetHints":{"allow":["GET"]}}],"collection":[{"href":"https:\/\/transmog.goldgoblin.net\/de\/wp-json\/wp\/v2\/pages"}],"about":[{"href":"https:\/\/transmog.goldgoblin.net\/de\/wp-json\/wp\/v2\/types\/page"}],"author":[{"embeddable":true,"href":"https:\/\/transmog.goldgoblin.net\/de\/wp-json\/wp\/v2\/users\/1"}],"replies":[{"embeddable":true,"href":"https:\/\/transmog.goldgoblin.net\/de\/wp-json\/wp\/v2\/comments?post=1384"}],"version-history":[{"count":1,"href":"https:\/\/transmog.goldgoblin.net\/de\/wp-json\/wp\/v2\/pages\/1384\/revisions"}],"predecessor-version":[{"id":2857,"href":"https:\/\/transmog.goldgoblin.net\/de\/wp-json\/wp\/v2\/pages\/1384\/revisions\/2857"}],"up":[{"embeddable":true,"href":"https:\/\/transmog.goldgoblin.net\/de\/wp-json\/wp\/v2\/pages\/673"}],"wp:featuredmedia":[{"embeddable":true,"href":"https:\/\/transmog.goldgoblin.net\/de\/wp-json\/wp\/v2\/media\/1452"}],"wp:attachment":[{"href":"https:\/\/transmog.goldgoblin.net\/de\/wp-json\/wp\/v2\/media?parent=1384"}],"wp:term":[{"taxonomy":"category","embeddable":true,"href":"https:\/\/transmog.goldgoblin.net\/de\/wp-json\/wp\/v2\/categories?post=1384"}],"curies":[{"name":"wp","href":"https:\/\/api.w.org\/{rel}","templated":true}]}}