{"id":1390,"date":"2021-11-06T15:50:15","date_gmt":"2021-11-06T14:50:15","guid":{"rendered":"https:\/\/transmog.goldgoblin.net\/?page_id=1390"},"modified":"2022-02-20T16:13:12","modified_gmt":"2022-02-20T15:13:12","slug":"instanz-tempel-von-atalhakkar","status":"publish","type":"page","link":"https:\/\/transmog.goldgoblin.net\/de\/transmog-farmen\/instanz-tempel-von-atalhakkar\/","title":{"rendered":"Tempel von Atal&#8217;Hakkar"},"content":{"rendered":"\n<p>Kaum jemanden verbindet diese Instanz mit dem Farmen von Transmog. Dennoch gibt es im <strong>Versunkenen Tempel<\/strong> eine kleine, aber feine Auswahl an wertvollen Gegenst\u00e4nden, welche kaum in anderen Dungeons zu finden ist.<\/p>\n\n\n\n<h2 class=\"wp-block-heading\" id=\"zone-sumpfe-des-elends-ostliche-konigreiche\">Zone: S\u00fcmpfe des Elends (\u00d6stliche K\u00f6nigreiche)<\/h2>\n\n\n\n<figure class=\"wp-block-image size-full\"><img loading=\"lazy\" decoding=\"async\" width=\"1030\" height=\"620\" src=\"https:\/\/transmog.goldgoblin.net\/wp-content\/uploads\/2021\/11\/Transmog-Dungeon-Position-Sunken-Temple.jpg\" alt=\"\" class=\"wp-image-2438\" srcset=\"https:\/\/transmog.goldgoblin.net\/wp-content\/uploads\/2021\/11\/Transmog-Dungeon-Position-Sunken-Temple.jpg 1030w, https:\/\/transmog.goldgoblin.net\/wp-content\/uploads\/2021\/11\/Transmog-Dungeon-Position-Sunken-Temple-300x181.jpg 300w\" sizes=\"auto, (max-width: 1030px) 100vw, 1030px\" \/><\/figure>\n\n\n\n<h2 class=\"wp-block-heading\" id=\"ablauf-und-farm-route\">Ablauf und Farm Route<\/h2>\n\n\n\n<p>Die Farmroute ist sehr angenehm, da ihr die ganze Instanz im Kreis ablaufen k\u00f6nnt und direkt wieder am Eingang steht.<\/p>\n\n\n\n<div class=\"wp-block-image\"><figure class=\"aligncenter size-full is-resized\"><a href=\"https:\/\/transmog.goldgoblin.net\/wp-content\/uploads\/2022\/02\/Transmog-Farmroute-Tempel.jpg\"><img loading=\"lazy\" decoding=\"async\" src=\"https:\/\/transmog.goldgoblin.net\/wp-content\/uploads\/2022\/02\/Transmog-Farmroute-Tempel.jpg\" alt=\"\" class=\"wp-image-6823\" width=\"495\" height=\"330\" srcset=\"https:\/\/transmog.goldgoblin.net\/wp-content\/uploads\/2022\/02\/Transmog-Farmroute-Tempel.jpg 990w, https:\/\/transmog.goldgoblin.net\/wp-content\/uploads\/2022\/02\/Transmog-Farmroute-Tempel-300x200.jpg 300w\" sizes=\"auto, (max-width: 495px) 100vw, 495px\" \/><\/a><\/figure><\/div>\n\n\n\n<h2 class=\"wp-block-heading\" id=\"welche-items-findet-man-in-dieser-instanz\">Welche Items findet man in dieser Instanz?<\/h2>\n\n\n\n<p>Kurze Erkl\u00e4rung: Da die Preise f\u00fcr Transmog serverabh\u00e4ngig stark schwanken gebe ich keine fixen Werte in Gold mehr an. Die wertvolleren Gegenst\u00e4nde sind mit mehr Sternchen markiert. Ein Gegenstand mit 5 Sternchen <img decoding=\"async\" src=\"https:\/\/transmog.goldgoblin.net\/wp-content\/themes\/astra-goblin\/images\/star3.png\"><img decoding=\"async\" src=\"https:\/\/transmog.goldgoblin.net\/wp-content\/themes\/astra-goblin\/images\/star3.png\"><img decoding=\"async\" src=\"https:\/\/transmog.goldgoblin.net\/wp-content\/themes\/astra-goblin\/images\/star3.png\"><img decoding=\"async\" src=\"https:\/\/transmog.goldgoblin.net\/wp-content\/themes\/astra-goblin\/images\/star3.png\"><img decoding=\"async\" src=\"https:\/\/transmog.goldgoblin.net\/wp-content\/themes\/astra-goblin\/images\/star3.png\"> ist im Vergleich zu einem Gegenstand mit nur einem Stern <img decoding=\"async\" src=\"https:\/\/transmog.goldgoblin.net\/wp-content\/themes\/astra-goblin\/images\/star3.png\"> also auch entsprechend mehr wert. So bekommt ihr einen kleinen Eindruck, \u00fcber welche Gegenst\u00e4nde ihr euch beim farmen freuen solltet!<\/p>\n\n\n\n<div class=\"wp-block-columns gg-transmog-farm temple is-layout-flex wp-container-core-columns-is-layout-28f84493 wp-block-columns-is-layout-flex\">\n<div class=\"wp-block-column is-layout-flow wp-block-column-is-layout-flow\">\n<ul class=\"wp-block-list\"><li><a href=\"https:\/\/de.wowhead.com\/item=10623\/winters-biss?bonus=6710\" rel=\"nofollow noopener\" target=\"_blank\">Winters Biss<\/a> <div class=\"gg-gold-rating\" title=\"Erfahrungsgem\u00e4\u00dfer Wert dieses Items\"><img decoding=\"async\" src=\"https:\/\/transmog.goldgoblin.net\/wp-content\/themes\/astra-goblin\/images\/star3.png\"><img decoding=\"async\" src=\"https:\/\/transmog.goldgoblin.net\/wp-content\/themes\/astra-goblin\/images\/star3.png\"><img decoding=\"async\" src=\"https:\/\/transmog.goldgoblin.net\/wp-content\/themes\/astra-goblin\/images\/star3.png\"><img decoding=\"async\" src=\"https:\/\/transmog.goldgoblin.net\/wp-content\/themes\/astra-goblin\/images\/star3.png\"><\/div><\/li><li><a href=\"https:\/\/de.wowhead.com\/item=10624\/stechbogen?bonus=6710\" rel=\"nofollow noopener\" target=\"_blank\">Stechbogen<\/a> <div class=\"gg-gold-rating\" title=\"Erfahrungsgem\u00e4\u00dfer Wert dieses Items\"><img decoding=\"async\" src=\"https:\/\/transmog.goldgoblin.net\/wp-content\/themes\/astra-goblin\/images\/star3.png\"><img decoding=\"async\" src=\"https:\/\/transmog.goldgoblin.net\/wp-content\/themes\/astra-goblin\/images\/star3.png\"><img decoding=\"async\" src=\"https:\/\/transmog.goldgoblin.net\/wp-content\/themes\/astra-goblin\/images\/star3.png\"><img decoding=\"async\" src=\"https:\/\/transmog.goldgoblin.net\/wp-content\/themes\/astra-goblin\/images\/star3.png\"><\/div><\/li><li><a href=\"https:\/\/de.wowhead.com\/item=10625\/klinge-der-verstohlenheit?bonus=6710\" rel=\"nofollow noopener\" target=\"_blank\">Klinge der Verstohlenheit<\/a> <div class=\"gg-gold-rating\" title=\"Erfahrungsgem\u00e4\u00dfer Wert dieses Items\"><img decoding=\"async\" src=\"https:\/\/transmog.goldgoblin.net\/wp-content\/themes\/astra-goblin\/images\/star3.png\"><img decoding=\"async\" src=\"https:\/\/transmog.goldgoblin.net\/wp-content\/themes\/astra-goblin\/images\/star3.png\"><img decoding=\"async\" src=\"https:\/\/transmog.goldgoblin.net\/wp-content\/themes\/astra-goblin\/images\/star3.png\"><img decoding=\"async\" src=\"https:\/\/transmog.goldgoblin.net\/wp-content\/themes\/astra-goblin\/images\/star3.png\"><\/div><\/li><li><a href=\"https:\/\/de.wowhead.com\/item=10628\/todessto%C3%9F?bonus=6710\" rel=\"nofollow noopener\" target=\"_blank\">Todessto\u00df<\/a> <div class=\"gg-gold-rating\" title=\"Erfahrungsgem\u00e4\u00dfer Wert dieses Items\"><img decoding=\"async\" src=\"https:\/\/transmog.goldgoblin.net\/wp-content\/themes\/astra-goblin\/images\/star3.png\"><img decoding=\"async\" src=\"https:\/\/transmog.goldgoblin.net\/wp-content\/themes\/astra-goblin\/images\/star3.png\"><img decoding=\"async\" src=\"https:\/\/transmog.goldgoblin.net\/wp-content\/themes\/astra-goblin\/images\/star3.png\"><\/div><\/li><li><a href=\"https:\/\/de.wowhead.com\/item=10629\/stiefel-des-nebell%C3%A4ufers?bonus=6710\" rel=\"nofollow noopener\" target=\"_blank\">Stiefel des Nebell\u00e4ufers<\/a> <div class=\"gg-gold-rating\" title=\"Erfahrungsgem\u00e4\u00dfer Wert dieses Items\"><img decoding=\"async\" src=\"https:\/\/transmog.goldgoblin.net\/wp-content\/themes\/astra-goblin\/images\/star3.png\"><img decoding=\"async\" src=\"https:\/\/transmog.goldgoblin.net\/wp-content\/themes\/astra-goblin\/images\/star3.png\"><\/div><\/li><li><a href=\"https:\/\/de.wowhead.com\/item=10630\/seelenf%C3%A4ngerheiligenschein?bonus=6710\" rel=\"nofollow noopener\" target=\"_blank\">Seelenf\u00e4ngerheiligenschein<\/a> <div class=\"gg-gold-rating\" title=\"Erfahrungsgem\u00e4\u00dfer Wert dieses Items\"><img decoding=\"async\" src=\"https:\/\/transmog.goldgoblin.net\/wp-content\/themes\/astra-goblin\/images\/star3.png\"><img decoding=\"async\" src=\"https:\/\/transmog.goldgoblin.net\/wp-content\/themes\/astra-goblin\/images\/star3.png\"><\/div><\/li><li><a href=\"https:\/\/de.wowhead.com\/item=10631\/dumpfwasserstulpen?bonus=6710\" rel=\"nofollow noopener\" target=\"_blank\">Dumpfwasserstulpen<\/a> <div class=\"gg-gold-rating\" title=\"Erfahrungsgem\u00e4\u00dfer Wert dieses Items\"><img decoding=\"async\" src=\"https:\/\/transmog.goldgoblin.net\/wp-content\/themes\/astra-goblin\/images\/star3.png\"><img decoding=\"async\" src=\"https:\/\/transmog.goldgoblin.net\/wp-content\/themes\/astra-goblin\/images\/star3.png\"><img decoding=\"async\" src=\"https:\/\/transmog.goldgoblin.net\/wp-content\/themes\/astra-goblin\/images\/star3.png\"><img decoding=\"async\" src=\"https:\/\/transmog.goldgoblin.net\/wp-content\/themes\/astra-goblin\/images\/star3.png\"><\/div><\/li><li><a href=\"https:\/\/de.wowhead.com\/item=10633\/silberschalengamaschen?bonus=6710\" rel=\"nofollow noopener\" target=\"_blank\">Silberschalengamaschen<\/a> <div class=\"gg-gold-rating\" title=\"Erfahrungsgem\u00e4\u00dfer Wert dieses Items\"><img decoding=\"async\" src=\"https:\/\/transmog.goldgoblin.net\/wp-content\/themes\/astra-goblin\/images\/star3.png\"><img decoding=\"async\" src=\"https:\/\/transmog.goldgoblin.net\/wp-content\/themes\/astra-goblin\/images\/star3.png\"><img decoding=\"async\" src=\"https:\/\/transmog.goldgoblin.net\/wp-content\/themes\/astra-goblin\/images\/star3.png\"><\/div><\/li><li><a href=\"https:\/\/de.wowhead.com\/item=10632\/schleimschuppenarmschienen?bonus=6710\" rel=\"nofollow noopener\" target=\"_blank\">Schleimschuppenarmschienen<\/a> <div class=\"gg-gold-rating\" title=\"Erfahrungsgem\u00e4\u00dfer Wert dieses Items\"><img decoding=\"async\" src=\"https:\/\/transmog.goldgoblin.net\/wp-content\/themes\/astra-goblin\/images\/star3.png\"><\/div><\/li><\/ul>\n<\/div>\n<\/div>\n\n\n\n<p>Am Ende einer Instanz geht es darum, so schnell wie m\u00f6glich wieder an den Eingang zu kommen. Nur wenige Instanzen haben am Ende einen Ausgang. Folgende Methoden k\u00f6nnt ihr nutzen:<\/p>\n\n\n\n<div class=\"wp-block-group dungeon-leave is-layout-flow wp-block-group-is-layout-flow\"><div class=\"wp-block-group__inner-container\">\n<h5 class=\"druid wp-block-heading\" id=\"druide-traumwanderung\"><mark style=\"background-color:rgba(0, 0, 0, 0);color:#ff7c0a\" class=\"has-inline-color\">Druide <\/mark>&#8211; Traumwanderung<\/h5>\n\n\n\n<p>Der Druide ist f\u00fcr das Transmog farmen die Ideale Wahl, da er sich mithilfe der <a href=\"https:\/\/de.wowhead.com\/spell=193753\/traumwanderung\" rel=\"nofollow noopener\" target=\"_blank\">Traumwanderung<\/a> in den Smaragdgr\u00fcnen Alptraum porten kann. Dort angekommen, dr\u00fcckt ihr erneut auf die Traumwanderung und steht automatisch vor eurer letzten Instanz. Solltet ihr kein Legion gespielt haben, dann m\u00fcsst ihr Teleport: Mondlichtung benutzen.<\/p>\n\n\n\n<h5 class=\"monk wp-block-heading\" id=\"monch-zenpilgerfahrt\"><mark style=\"background-color:rgba(0, 0, 0, 0);color:#00ff98\" class=\"has-inline-color\">M\u00f6nch <\/mark>&#8211; Zenpilgerfahrt<\/h5>\n\n\n\n<p>Als M\u00f6nch k\u00f6nnt ihr den Zauber <a href=\"https:\/\/de.wowhead.com\/spell=126892\/zenpilgerfahrt\" rel=\"nofollow noopener\" target=\"_blank\">Zenpilgerfahrt<\/a> nutzen, welcher euch zu eurem Heimattempel bringt. Erneutes nutzen dieses Zaubers bringt euch wieder vor den Eingang der letzten Instanz. Dieser Zauber hat einen 60 Sekunden Cooldown.<\/p>\n\n\n\n<h5 class=\"dk wp-block-heading\" id=\"todesritter-schwarzes-tor\"><mark style=\"background-color:rgba(0, 0, 0, 0);color:#c41e3a\" class=\"has-inline-color\">Todesritter <\/mark>&#8211; Schwarzes Tor<\/h5>\n\n\n\n<p>Als Todesritter k\u00f6nnt ihr den Zauber <a href=\"https:\/\/de.wowhead.com\/spell=50977\/schwarzes-tor\" rel=\"nofollow noopener\" target=\"_blank\">Schwarze Tor<\/a> nutzen, welcher euch in die Festung bringt. Erneutes nutzen dieses Zaubers bringt euch wieder vor den Eingang der letzten Instanz. Dieser Zauber hat einen 60 Sekunden Cooldown.<\/p>\n\n\n\n<h5 class=\"wp-block-heading\" id=\"gruppensuch-funktion\">Gruppensuch-Funktion<\/h5>\n\n\n\n<p>\u00dcber das Gruppesuche-Tool k\u00f6nnt ihr unter Benutzerdefiniert eine Random Gruppe erstellen und anmelden. Im Anschluss klickt ihr auf euer Avatarbild im Spiel und w\u00e4hlt &#8222;Gruppe verlassen&#8220;. Nach 60 Sekunden werdet ihr aus der Instanz geportet und steht lebend an der Position des Geistheilers. Ihr solltet diese Funktion so timen, dass ihr nur noch wenige Sekunden vor dem Ende der Instanz seid, bevor ihr raus geportet werden.<\/p>\n\n\n\n<h5 class=\"wp-block-heading\" id=\"sterben\">Sterben<\/h5>\n\n\n\n<p>In manchen Instanzen besteht die Chance durch Wasser, Lava oder durch Fallschaden zu sterben. <\/p>\n<\/div><\/div>\n","protected":false},"excerpt":{"rendered":"<p>Kaum jemanden verbindet diese Instanz mit dem Farmen von Transmog. Dennoch gibt es im Versunkenen Tempel eine kleine, aber feine Auswahl an wertvollen Gegenst\u00e4nden, welche kaum in anderen Dungeons zu [&hellip;]<\/p>\n","protected":false},"author":1,"featured_media":1454,"parent":673,"menu_order":11,"comment_status":"closed","ping_status":"closed","template":"","meta":{"_acf_changed":false,"site-sidebar-layout":"default","site-content-layout":"","ast-site-content-layout":"default","site-content-style":"default","site-sidebar-style":"default","ast-global-header-display":"","ast-banner-title-visibility":"","ast-main-header-display":"","ast-hfb-above-header-display":"","ast-hfb-below-header-display":"","ast-hfb-mobile-header-display":"","site-post-title":"","ast-breadcrumbs-content":"","ast-featured-img":"","footer-sml-layout":"","ast-disable-related-posts":"","theme-transparent-header-meta":"","adv-header-id-meta":"","stick-header-meta":"","header-above-stick-meta":"","header-main-stick-meta":"","header-below-stick-meta":"","astra-migrate-meta-layouts":"default","ast-page-background-enabled":"default","ast-page-background-meta":{"desktop":{"background-color":"","background-image":"","background-repeat":"repeat","background-position":"center center","background-size":"auto","background-attachment":"scroll","background-type":"","background-media":"","overlay-type":"","overlay-color":"","overlay-opacity":"","overlay-gradient":""},"tablet":{"background-color":"","background-image":"","background-repeat":"repeat","background-position":"center center","background-size":"auto","background-attachment":"scroll","background-type":"","background-media":"","overlay-type":"","overlay-color":"","overlay-opacity":"","overlay-gradient":""},"mobile":{"background-color":"","background-image":"","background-repeat":"repeat","background-position":"center center","background-size":"auto","background-attachment":"scroll","background-type":"","background-media":"","overlay-type":"","overlay-color":"","overlay-opacity":"","overlay-gradient":""}},"ast-content-background-meta":{"desktop":{"background-color":"var(--ast-global-color-5)","background-image":"","background-repeat":"repeat","background-position":"center center","background-size":"auto","background-attachment":"scroll","background-type":"","background-media":"","overlay-type":"","overlay-color":"","overlay-opacity":"","overlay-gradient":""},"tablet":{"background-color":"var(--ast-global-color-5)","background-image":"","background-repeat":"repeat","background-position":"center center","background-size":"auto","background-attachment":"scroll","background-type":"","background-media":"","overlay-type":"","overlay-color":"","overlay-opacity":"","overlay-gradient":""},"mobile":{"background-color":"var(--ast-global-color-5)","background-image":"","background-repeat":"repeat","background-position":"center center","background-size":"auto","background-attachment":"scroll","background-type":"","background-media":"","overlay-type":"","overlay-color":"","overlay-opacity":"","overlay-gradient":""}},"footnotes":""},"categories":[185],"class_list":["post-1390","page","type-page","status-publish","has-post-thumbnail","hentry","category-instanz"],"acf":[],"_links":{"self":[{"href":"https:\/\/transmog.goldgoblin.net\/de\/wp-json\/wp\/v2\/pages\/1390","targetHints":{"allow":["GET"]}}],"collection":[{"href":"https:\/\/transmog.goldgoblin.net\/de\/wp-json\/wp\/v2\/pages"}],"about":[{"href":"https:\/\/transmog.goldgoblin.net\/de\/wp-json\/wp\/v2\/types\/page"}],"author":[{"embeddable":true,"href":"https:\/\/transmog.goldgoblin.net\/de\/wp-json\/wp\/v2\/users\/1"}],"replies":[{"embeddable":true,"href":"https:\/\/transmog.goldgoblin.net\/de\/wp-json\/wp\/v2\/comments?post=1390"}],"version-history":[{"count":4,"href":"https:\/\/transmog.goldgoblin.net\/de\/wp-json\/wp\/v2\/pages\/1390\/revisions"}],"predecessor-version":[{"id":6825,"href":"https:\/\/transmog.goldgoblin.net\/de\/wp-json\/wp\/v2\/pages\/1390\/revisions\/6825"}],"up":[{"embeddable":true,"href":"https:\/\/transmog.goldgoblin.net\/de\/wp-json\/wp\/v2\/pages\/673"}],"wp:featuredmedia":[{"embeddable":true,"href":"https:\/\/transmog.goldgoblin.net\/de\/wp-json\/wp\/v2\/media\/1454"}],"wp:attachment":[{"href":"https:\/\/transmog.goldgoblin.net\/de\/wp-json\/wp\/v2\/media?parent=1390"}],"wp:term":[{"taxonomy":"category","embeddable":true,"href":"https:\/\/transmog.goldgoblin.net\/de\/wp-json\/wp\/v2\/categories?post=1390"}],"curies":[{"name":"wp","href":"https:\/\/api.w.org\/{rel}","templated":true}]}}