{"id":1399,"date":"2021-11-06T15:51:21","date_gmt":"2021-11-06T14:51:21","guid":{"rendered":"https:\/\/transmog.goldgoblin.net\/?page_id=1399"},"modified":"2022-11-14T09:19:58","modified_gmt":"2022-11-14T08:19:58","slug":"open-world-dunkelmondjahrmarkt","status":"publish","type":"page","link":"https:\/\/transmog.goldgoblin.net\/de\/transmog-farmen\/open-world-dunkelmondjahrmarkt\/","title":{"rendered":"Dunkelmond-Jahrmarkt"},"content":{"rendered":"\n<p>Auf dem&nbsp;<strong>Dunkelmond Jahrmarkt<\/strong>&nbsp;gibt es zwei H\u00e4ndler welche \u201eReplica\u201c Items von \u00e4lteren Sets f\u00fcr&nbsp;<strong><a href=\"https:\/\/de.wowhead.com\/currency=515\/gewinnlos-des-dunkelmond-jahrmarkts\" rel=\"nofollow noopener\" target=\"_blank\">Gewinnlose des Dunkelmond-Jahrmarkts<\/a><\/strong>&nbsp;verkaufen. Diese Transmog-Items sind in den Auktionsh\u00e4usern recht selten und verkaufen sich erfahrungsgem\u00e4\u00df f\u00fcr&nbsp;<strong>bis zu 50.000 Gold<\/strong>&nbsp;das St\u00fcck. &nbsp;F\u00fcr ein Item ben\u00f6tigt man ca.&nbsp;<strong>50-100 Tickets<\/strong>.<\/p>\n\n\n\n<p>Unser Ziel ist es, so schnell es geht an 100 Gewinnlose zu kommen. Hierf\u00fcr gibt es eine&nbsp;<strong>Quest welche uns mit 100 Losen belohnt.<\/strong>&nbsp;Diese Quest bekommt ihr am Steg bei&nbsp;<strong><a href=\"https:\/\/de.wowhead.com\/npc=55103\/galissa-sonnentau\" rel=\"nofollow noopener\" target=\"_blank\">Galissa Sonnentau<\/a><\/strong>. &nbsp;Dort m\u00fcsst ihr f\u00fcr 100&nbsp;<a href=\"https:\/\/de.wowhead.com\/item=124669\" rel=\"nofollow noopener\" target=\"_blank\">Dunkelmond-Dolchmaul<\/a>&nbsp;dieses Item kaufen: <a href=\"https:\/\/de.wowhead.com\/item=126930\" rel=\"nofollow noopener\" target=\"_blank\">Verblichene Schatzkarte<\/a>.<\/p>\n\n\n\n<p>Die ben\u00f6tigten 100 Fische k\u00f6nnt ihr je nach Preis in eurem Auktionshaus kaufen oder in Schw\u00e4rmen um die Dunkelmond-Insel herum selbst fischen.<\/p>\n\n\n\n<figure class=\"wp-block-image aligncenter\"><img decoding=\"async\" src=\"https:\/\/www.goldgoblin.net\/wp-content\/uploads\/2015\/12\/transmog-jahrmarkt1.png\" alt=\"transmog-jahrmarkt1\" class=\"wp-image-747\"\/><\/figure>\n\n\n\n<p><strong>Diese Schatzkarte startet eine Quest<\/strong>,&nbsp;bei welcher ihr <strong>4 Hinweise <\/strong>am Dunkelmond-Jahrmarkt finden m\u00fcsst.&nbsp;Auf der Karte seht ihr die Standorte der Sch\u00e4tze sowie das Ziel&nbsp;<strong>Silas Geheimversteck (5).<\/strong>&nbsp;&nbsp; Diese Quest schenkt euch als Belohnung dieses Item:&nbsp;<a href=\"https:\/\/de.wowhead.com\/item=127148\" target=\"_blank\" rel=\"noreferrer noopener nofollow\">Silas&#8216; Geheimversteck<\/a>.&nbsp;In diesem befinden sich unter anderem 100 Gewinnlose des Dunkelmond-Jahrmarktes.<\/p>\n\n\n\n<p>Der einzige Nachteil an dieser Quest ist, dass ihr sie nur <strong>einmal pro Charakter <\/strong>machen k\u00f6nnt. <\/p>\n\n\n\n<figure class=\"wp-block-image aligncenter size-full\"><img loading=\"lazy\" decoding=\"async\" width=\"990\" height=\"660\" src=\"https:\/\/transmog.goldgoblin.net\/wp-content\/uploads\/2022\/09\/Transmog-Dunkelmondjahrmarkt-Objekte-2022.jpg\" alt=\"\" class=\"wp-image-8440\" srcset=\"https:\/\/transmog.goldgoblin.net\/wp-content\/uploads\/2022\/09\/Transmog-Dunkelmondjahrmarkt-Objekte-2022.jpg 990w, https:\/\/transmog.goldgoblin.net\/wp-content\/uploads\/2022\/09\/Transmog-Dunkelmondjahrmarkt-Objekte-2022-300x200.jpg 300w\" sizes=\"auto, (max-width: 990px) 100vw, 990px\" \/><figcaption class=\"wp-element-caption\">Position der vier Hinweise und des Schatzes<\/figcaption><\/figure>\n\n\n\n<ol class=\"wp-block-list\">\n<li><a href=\"https:\/\/de.wowhead.com\/object=242518\/muschel%C3%BCberwucherte-tasche#screenshots:id=474331\" rel=\"nofollow noopener\" target=\"_blank\">\u00dcberwucherte Tasche<\/a> <\/li>\n\n\n\n<li><a href=\"https:\/\/de.wowhead.com\/object=242519\/verd%C3%A4chtiger-erdhaufen#screenshots:id=474332\" rel=\"nofollow noopener\" target=\"_blank\">Verd\u00e4chtiger Erdhaufen<\/a><\/li>\n\n\n\n<li><a href=\"https:\/\/de.wowhead.com\/object=242520\/kristallisierte-notiz#screenshots:id=474334\" rel=\"nofollow noopener\" target=\"_blank\">Kristallisierte Notiz<\/a><\/li>\n\n\n\n<li><a href=\"https:\/\/de.wowhead.com\/object=242521\/bewegte-erde#screenshots:id=474337\" rel=\"nofollow noopener\" target=\"_blank\">Bewegte Erde<\/a><\/li>\n\n\n\n<li><a href=\"https:\/\/de.wowhead.com\/object=242522\/silas-geheimversteck-gefunden#screenshots:id=474339\" rel=\"nofollow noopener\" target=\"_blank\">Silas Geheimversteck<\/a><\/li>\n<\/ol>\n\n\n\n<p>Mit diesen 100 Gewinnlosen k\u00f6nnt ihr jetzt eure Transmog-Items einkaufen. Gesucht sind die NPC-H\u00e4ndler <a href=\"https:\/\/de.wowhead.com\/npc=55072\/barum\" rel=\"nofollow noopener\" target=\"_blank\">Barum<\/a> und <a href=\"https:\/\/de.wowhead.com\/npc=57983\/baruma\" rel=\"nofollow noopener\" target=\"_blank\">Baruma<\/a>, welche sich in der Mitte des Marktes befinden.<\/p>\n\n\n\n<figure class=\"wp-block-image aligncenter\"><img decoding=\"async\" src=\"https:\/\/goldgoblin.net\/wp-content\/uploads\/2015\/12\/transmog-jahrmarkt3.png\" alt=\"transmog-jahrmarkt3\" class=\"wp-image-749\"\/><\/figure>\n\n\n\n<p>Sobald ihr diese H\u00e4ndler ansprecht, werdet ihr nur die Items f\u00fcr eure Klasse sehen!&nbsp;<strong>Wichtig ist hier, dass ihr die Auswahl auf ALLE stellt.<\/strong><\/p>\n\n\n\n<p>Nun k\u00f6nnt ihr nach Belieben ein Transmog-Item kaufen. Eine Empfehlung, welches Item ihr euch kaufen solltet, kann ich an dieser Stelle nicht geben, da sich jeder Server anders verh\u00e4lt. Ist eine Robe schon 5 Mal im Auktionshaus w\u00fcrde ich eher auf einen anderen Gegenstand setzten. <strong>Vorsicht<\/strong>: Manche Vorlagen gibt es auch als Erbst\u00fcck!<\/p>\n\n\n\n<figure class=\"wp-block-image aligncenter\"><img decoding=\"async\" src=\"https:\/\/goldgoblin.net\/wp-content\/uploads\/2015\/12\/transmog-jahrmarkt4.png\" alt=\"transmog-jahrmarkt4\" class=\"wp-image-751\"\/><\/figure>\n\n\n\n<p>Wie ihr seht, ist die&nbsp;<a href=\"https:\/\/de.wowhead.com\/item=78209\" rel=\"nofollow noopener\" target=\"_blank\">Nachbildung der Robe des Gl\u00e4ubigen<\/a>&nbsp;f\u00fcr nur 8.954 Gold im Auktionshaus auf Aegwynn und kostet 75 Gewinnlose des Dunkelmond-Jahrmarktes. In meinen Augen eine Verschwendung der Tickets.<\/p>\n\n\n\n<h2 class=\"wp-block-heading\">Welche Sets kann man kaufen?<\/h2>\n\n\n\n<p>F\u00fcr ein vollst\u00e4ndiges Set ben\u00f6tigt ihr 550 Gewinnlose des Dunkelmond-Jahrmarktes<\/p>\n\n\n\n<figure class=\"wp-block-table is-style-stripes\"><table><thead><tr><th><strong>R\u00fcstungstyp<\/strong><\/th><th><strong>Dungeonset 1<\/strong><\/th><th><strong>Dungeonset 2<\/strong><\/th><\/tr><\/thead><tbody><tr><td>Leder<\/td><td><a href=\"https:\/\/www.wowhead.com\/transmog-set=529\" rel=\"nofollow noopener\" target=\"_blank\">Wildherz<\/a><\/td><td><a href=\"https:\/\/www.wowhead.com\/transmog-set=530\" rel=\"nofollow noopener\" target=\"_blank\">Ungez\u00e4hmten Herzens<\/a><\/td><\/tr><tr><td>Kette<\/td><td><a href=\"https:\/\/www.wowhead.com\/transmog-set=551\" rel=\"nofollow noopener\" target=\"_blank\">Bestienj\u00e4ger<\/a><\/td><td><a href=\"https:\/\/www.wowhead.com\/transmog-set=552\" rel=\"nofollow noopener\" target=\"_blank\">Tierherrschaft<\/a><\/td><\/tr><tr><td>Stoff<\/td><td><a href=\"https:\/\/www.wowhead.com\/transmog-set=573\" rel=\"nofollow noopener\" target=\"_blank\">Magister<\/a><\/td><td><a href=\"https:\/\/www.wowhead.com\/transmog-set=374\" rel=\"nofollow noopener\" target=\"_blank\">Zauberer<\/a><\/td><\/tr><tr><td>Platte<\/td><td><a href=\"https:\/\/www.wowhead.com\/transmog-set=595\" rel=\"nofollow noopener\" target=\"_blank\">Lichtschmiede<\/a><\/td><td><a href=\"https:\/\/www.wowhead.com\/transmog-set=596\" rel=\"nofollow noopener\" target=\"_blank\">Seelenschmiede<\/a><\/td><\/tr><tr><td>Stoff<\/td><td><a href=\"https:\/\/www.wowhead.com\/transmog-set=617\" rel=\"nofollow noopener\" target=\"_blank\">Gl\u00e4ubig<\/a><\/td><td><a href=\"https:\/\/www.wowhead.com\/transmog-set=618\" rel=\"nofollow noopener\" target=\"_blank\">Tugendhaft<\/a><\/td><\/tr><tr><td>Leder<\/td><td><a href=\"https:\/\/www.wowhead.com\/transmog-set=639\" rel=\"nofollow noopener\" target=\"_blank\">Schattenkunst<\/a><\/td><td><a href=\"https:\/\/www.wowhead.com\/transmog-set=640\" rel=\"nofollow noopener\" target=\"_blank\">Finsternis<\/a><\/td><\/tr><tr><td>Kette<\/td><td><a href=\"https:\/\/www.wowhead.com\/transmog-set=661\" rel=\"nofollow noopener\" target=\"_blank\">Elemente<\/a><\/td><td><a href=\"https:\/\/www.wowhead.com\/transmog-set=662\" rel=\"nofollow noopener\" target=\"_blank\">F\u00fcnf Donner<\/a><\/td><\/tr><tr><td>Stoff<\/td><td><a href=\"https:\/\/www.wowhead.com\/transmog-set=683\" rel=\"nofollow noopener\" target=\"_blank\">Furcht<\/a><\/td><td><a href=\"https:\/\/www.wowhead.com\/transmog-set=684\" rel=\"nofollow noopener\" target=\"_blank\">Todesnebel<\/a><\/td><\/tr><tr><td>Platte<\/td><td><a href=\"https:\/\/www.wowhead.com\/transmog-set=934\" rel=\"nofollow noopener\" target=\"_blank\">Ehre<\/a><\/td><td><a href=\"https:\/\/www.wowhead.com\/transmog-set=935\" rel=\"nofollow noopener\" target=\"_blank\">Heldentum<\/a><\/td><\/tr><\/tbody><\/table><figcaption class=\"wp-element-caption\">Quelle: wowhead.com<\/figcaption><\/figure>\n\n\n\n<figure class=\"wp-block-image size-full\"><img loading=\"lazy\" decoding=\"async\" width=\"923\" height=\"706\" src=\"https:\/\/transmog.goldgoblin.net\/wp-content\/uploads\/2021\/11\/image-2.png\" alt=\"\" class=\"wp-image-2639\" srcset=\"https:\/\/transmog.goldgoblin.net\/wp-content\/uploads\/2021\/11\/image-2.png 923w, https:\/\/transmog.goldgoblin.net\/wp-content\/uploads\/2021\/11\/image-2-300x229.png 300w\" sizes=\"auto, (max-width: 923px) 100vw, 923px\" \/><\/figure>\n\n\n\n<h2 class=\"wp-block-heading\">Dunkelmond Look-a-like<\/h2>\n\n\n\n<p>Der H\u00e4ndler Gelvas Ru\u00dfgatter verkauft euch f\u00fcr 90 Gewinnlose einen <a href=\"https:\/\/de.wowhead.com\/item=78340\/umhang-des-dunkelmond-jahrmarkts\" target=\"_blank\" rel=\"noreferrer noopener nofollow\">Dunkelmond-Umhang<\/a> wie ihn die Mitarbeiter des Jahrmarktes tragen. Dieser kann ebenfalls im Auktionshaus verkauft werden. F\u00fcr 75 Gewinnlose gibt es ausserdem einen kosmetischen Zweihandstreitkolben im Dunkelmond-Jahrmarkt Design. <\/p>\n\n\n\n<h2 class=\"wp-block-heading\">Scharlachroter Kreuzzug<\/h2>\n\n\n\n<p>Wenn ihr im Besitz des <a href=\"https:\/\/de.wowhead.com\/item=23192\/wams-des-scharlachroten-kreuzzugs\" rel=\"nofollow noopener\" target=\"_blank\">Wams des Scharlachroten Kreuzzuges<\/a> seid k\u00f6nnt ihr von der <a href=\"https:\/\/de.wowhead.com\/npc=108785\/scharlachrote-r%C3%BCstmeisterin\" rel=\"nofollow noopener\" target=\"_blank\">Scharlachroten R\u00fcstmeisterin<\/a> ein Platten- sowie ein Ketten-Set dieser R\u00fcstung kaufen. Den Wams k\u00f6nnt ihr von <a href=\"https:\/\/de.wowhead.com\/npc=58632\/waffenmeister-harlan\" rel=\"nofollow noopener\" target=\"_blank\">Waffenmeister Harlan<\/a> in den Scharlachroten Hallen bekommen. Ihr m\u00fcsst den Wappenrock anlegen!<\/p>\n\n\n\n<ul class=\"wp-block-list\">\n<li><a href=\"https:\/\/de.wowhead.com\/item=138429\/kurzes-wams-des-scharlachroten-kreuzzugs\" rel=\"nofollow noopener\" target=\"_blank\">&nbsp;Kurzes Wams des Scharlachroten Kreuzzugs<\/a>:&nbsp;25.000&nbsp;Gold<\/li>\n\n\n\n<li><a href=\"https:\/\/de.wowhead.com\/item=138431\/ensemble-schuppenpanzer-des-scharlachroten-kreuzzugs\" rel=\"nofollow noopener\" target=\"_blank\">&nbsp;Ensemble: Schuppenpanzer des Scharlachroten Kreuzzugs<\/a>:&nbsp;10.000 Gold und&nbsp;nur f\u00fcr Plattentr\u00e4ger sichtbar!<\/li>\n\n\n\n<li><a href=\"https:\/\/de.wowhead.com\/item=138430\/ensemble-kettenr%C3%BCstung-des-scharlachroten-kreuzzugs\" rel=\"nofollow noopener\" target=\"_blank\">&nbsp;Ensemble: Kettenr\u00fcstung des Scharlachroten Kreuzzugs<\/a>:&nbsp;10.000 Gold&nbsp;nur f\u00fcr Kettentr\u00e4ger sichtbar!<\/li>\n<\/ul>\n\n\n\n<h2 class=\"wp-block-heading\">Gilneas Set<\/h2>\n\n\n\n<ul class=\"wp-block-list\">\n<li><a href=\"https:\/\/de.wowhead.com\/item=116137\/festgarderobe-der-adligen\" rel=\"nofollow noopener\" target=\"_blank\">&nbsp;Festgarderobe der Adligen<\/a><\/li>\n\n\n\n<li><a href=\"https:\/\/de.wowhead.com\/item=116136\/rock-der-adligen\" rel=\"nofollow noopener\" target=\"_blank\">&nbsp;Rock der Adligen<\/a><\/li>\n\n\n\n<li><a href=\"https:\/\/de.wowhead.com\/item=116134\/schicke-stiefel-des-adligen\" rel=\"nofollow noopener\" target=\"_blank\">&nbsp;Schicke Stiefel des Adligen<\/a><\/li>\n\n\n\n<li><a href=\"https:\/\/de.wowhead.com\/item=116133\/pantalons-des-adligen\" rel=\"nofollow noopener\" target=\"_blank\">&nbsp;Pantalons des Adligen<\/a><\/li>\n\n\n\n<li><a href=\"https:\/\/de.wowhead.com\/item=116052\/mantel-des-adligen\" rel=\"nofollow noopener\" target=\"_blank\">&nbsp;Mantel des Adligen<\/a><\/li>\n<\/ul>\n\n\n\n<p>Diese Set-Teile kosten euch 55-75 Gewinnlose und lassen euch wie einen B\u00fcrger von Gilneas aussehen. F\u00fcr weibliche Charaktere ist das Set weiss und f\u00fcr m\u00e4nnliche Charaktere schwarz.  <\/p>\n","protected":false},"excerpt":{"rendered":"<p>Auf dem&nbsp;Dunkelmond Jahrmarkt&nbsp;gibt es zwei H\u00e4ndler welche \u201eReplica\u201c Items von \u00e4lteren Sets f\u00fcr&nbsp;Gewinnlose des Dunkelmond-Jahrmarkts&nbsp;verkaufen. Diese Transmog-Items sind in den Auktionsh\u00e4usern recht selten und verkaufen sich erfahrungsgem\u00e4\u00df f\u00fcr&nbsp;bis zu 50.000 [&hellip;]<\/p>\n","protected":false},"author":1,"featured_media":1480,"parent":673,"menu_order":15,"comment_status":"closed","ping_status":"closed","template":"","meta":{"_acf_changed":false,"site-sidebar-layout":"default","site-content-layout":"","ast-site-content-layout":"default","site-content-style":"default","site-sidebar-style":"default","ast-global-header-display":"","ast-banner-title-visibility":"","ast-main-header-display":"","ast-hfb-above-header-display":"","ast-hfb-below-header-display":"","ast-hfb-mobile-header-display":"","site-post-title":"","ast-breadcrumbs-content":"","ast-featured-img":"","footer-sml-layout":"","ast-disable-related-posts":"","theme-transparent-header-meta":"","adv-header-id-meta":"","stick-header-meta":"","header-above-stick-meta":"","header-main-stick-meta":"","header-below-stick-meta":"","astra-migrate-meta-layouts":"default","ast-page-background-enabled":"default","ast-page-background-meta":{"desktop":{"background-color":"","background-image":"","background-repeat":"repeat","background-position":"center center","background-size":"auto","background-attachment":"scroll","background-type":"","background-media":"","overlay-type":"","overlay-color":"","overlay-opacity":"","overlay-gradient":""},"tablet":{"background-color":"","background-image":"","background-repeat":"repeat","background-position":"center center","background-size":"auto","background-attachment":"scroll","background-type":"","background-media":"","overlay-type":"","overlay-color":"","overlay-opacity":"","overlay-gradient":""},"mobile":{"background-color":"","background-image":"","background-repeat":"repeat","background-position":"center center","background-size":"auto","background-attachment":"scroll","background-type":"","background-media":"","overlay-type":"","overlay-color":"","overlay-opacity":"","overlay-gradient":""}},"ast-content-background-meta":{"desktop":{"background-color":"var(--ast-global-color-5)","background-image":"","background-repeat":"repeat","background-position":"center center","background-size":"auto","background-attachment":"scroll","background-type":"","background-media":"","overlay-type":"","overlay-color":"","overlay-opacity":"","overlay-gradient":""},"tablet":{"background-color":"var(--ast-global-color-5)","background-image":"","background-repeat":"repeat","background-position":"center center","background-size":"auto","background-attachment":"scroll","background-type":"","background-media":"","overlay-type":"","overlay-color":"","overlay-opacity":"","overlay-gradient":""},"mobile":{"background-color":"var(--ast-global-color-5)","background-image":"","background-repeat":"repeat","background-position":"center center","background-size":"auto","background-attachment":"scroll","background-type":"","background-media":"","overlay-type":"","overlay-color":"","overlay-opacity":"","overlay-gradient":""}},"footnotes":""},"categories":[187],"class_list":["post-1399","page","type-page","status-publish","has-post-thumbnail","hentry","category-zone"],"acf":[],"_links":{"self":[{"href":"https:\/\/transmog.goldgoblin.net\/de\/wp-json\/wp\/v2\/pages\/1399","targetHints":{"allow":["GET"]}}],"collection":[{"href":"https:\/\/transmog.goldgoblin.net\/de\/wp-json\/wp\/v2\/pages"}],"about":[{"href":"https:\/\/transmog.goldgoblin.net\/de\/wp-json\/wp\/v2\/types\/page"}],"author":[{"embeddable":true,"href":"https:\/\/transmog.goldgoblin.net\/de\/wp-json\/wp\/v2\/users\/1"}],"replies":[{"embeddable":true,"href":"https:\/\/transmog.goldgoblin.net\/de\/wp-json\/wp\/v2\/comments?post=1399"}],"version-history":[{"count":5,"href":"https:\/\/transmog.goldgoblin.net\/de\/wp-json\/wp\/v2\/pages\/1399\/revisions"}],"predecessor-version":[{"id":8452,"href":"https:\/\/transmog.goldgoblin.net\/de\/wp-json\/wp\/v2\/pages\/1399\/revisions\/8452"}],"up":[{"embeddable":true,"href":"https:\/\/transmog.goldgoblin.net\/de\/wp-json\/wp\/v2\/pages\/673"}],"wp:featuredmedia":[{"embeddable":true,"href":"https:\/\/transmog.goldgoblin.net\/de\/wp-json\/wp\/v2\/media\/1480"}],"wp:attachment":[{"href":"https:\/\/transmog.goldgoblin.net\/de\/wp-json\/wp\/v2\/media?parent=1399"}],"wp:term":[{"taxonomy":"category","embeddable":true,"href":"https:\/\/transmog.goldgoblin.net\/de\/wp-json\/wp\/v2\/categories?post=1399"}],"curies":[{"name":"wp","href":"https:\/\/api.w.org\/{rel}","templated":true}]}}