{"id":673,"date":"2021-07-17T11:21:42","date_gmt":"2021-07-17T09:21:42","guid":{"rendered":"https:\/\/transmog.goldgoblin.net\/?page_id=673"},"modified":"2022-01-30T16:30:30","modified_gmt":"2022-01-30T15:30:30","slug":"transmog-farmen","status":"publish","type":"page","link":"https:\/\/transmog.goldgoblin.net\/de\/transmog-farmen\/","title":{"rendered":"Transmog farmen"},"content":{"rendered":"\n<p>Mit Patch 4.3 wurde die&nbsp;<strong>Transmogrifizierung<\/strong>&nbsp;in World of Warcraft eingef\u00fcgt. Dies gab uns die M\u00f6glichkeit, unsere Charaktere optisch zu individualisieren ohne daf\u00fcr Geld ausgeben zu m\u00fcssen. Vorbei wahren&nbsp;die Zeiten wo alle mit dem gleichen Tier-Set in der Stadt standen. Mit der Einf\u00fchrung dieser Funktion stieg auch die&nbsp;<strong>Nachfrage nach \u201eLookalike\u201c Items welche BoE<\/strong>&nbsp;(Beim Anlegen gebunden) sind und somit im Auktionshaus verkauft werden k\u00f6nnen.<\/p>\n\n\n\n<p>In der Rubrik Transmog-Quellen findet ihr also verschiedenste&nbsp;<strong>Tipps und Tricks<\/strong>&nbsp;wie ihr mit Hilfe von&nbsp;<strong>Transmogrifizierung Gold verdienen<\/strong>&nbsp;k\u00f6nnt. Dabei zeige ich euch wo ihr diese Items farmen k\u00f6nnt und welche Items sich lohnen. &nbsp;Zu dem werde ich euch an Hand von Beispielen erkl\u00e4ren, zu welchen Preisen ihr eure Transmog Teile verkaufen solltet.<\/p>\n\n\n\n<p>Vielen Spielern ist es einfach zu anstrengend stundenlang&nbsp;NPCs zu \u201egrinden\u201c in der Hoffnung, dass ihr gew\u00fcnschtes Transmog-Teil droppt. Aus diesem Grund hat sich unter den Gold-Farmern einen&nbsp;<strong>Neue Gruppe der Transmog-H\u00e4ndler<\/strong>&nbsp;entwickelt, welche genau dieses Bed\u00fcrfnisse abdecken. Lange Zeit bel\u00e4chelt weckt nun der Erfolg dieser H\u00e4ndler das Interesse bei einigen.&nbsp;<strong>Items welche sehr selten sind bzw. nicht mehr im Spiel verf\u00fcgbar sind, verkaufen sich &nbsp;schon f\u00fcr 6-stellige Gold Betr\u00e4ge!<\/strong><\/p>\n\n\n\n<p>Man wird nicht von Heute auf Morgen zum Transmog H\u00e4ndler da ihr einiges an Erfahrung ben\u00f6tigt welche Teile sich gut verkaufen und welche in euren Taschen verstauben. F\u00fcr einen kleinen Einblick habe ich alle wertvollen Gegenst\u00e4nde aus den Instanzen, die ich euch n\u00e4herbringe mit meiner Erfahrung nach passender Wertung versehen.<\/p>\n\n\n\n<h2 class=\"simple wp-block-heading\" id=\"instanzen\">Instanzen<\/h2>\n\n\n\n\n\n\n\n<h2 class=\"simple wp-block-heading\" id=\"schlachtzuge-expeditionen\">Schlachtz\u00fcge &amp; Expeditionen<\/h2>\n\n\n\n\n\n\n\n<h2 class=\"simple wp-block-heading\" id=\"zonen\">Zonen<\/h2>\n\n\n\n\n","protected":false},"excerpt":{"rendered":"<p>Mit Patch 4.3 wurde die&nbsp;Transmogrifizierung&nbsp;in World of Warcraft eingef\u00fcgt. Dies gab uns die M\u00f6glichkeit, unsere Charaktere optisch zu individualisieren ohne daf\u00fcr Geld ausgeben zu m\u00fcssen. Vorbei wahren&nbsp;die Zeiten wo alle [&hellip;]<\/p>\n","protected":false},"author":1,"featured_media":2305,"parent":0,"menu_order":0,"comment_status":"closed","ping_status":"closed","template":"","meta":{"_acf_changed":false,"site-sidebar-layout":"default","site-content-layout":"default","ast-site-content-layout":"default","site-content-style":"default","site-sidebar-style":"default","ast-global-header-display":"","ast-banner-title-visibility":"","ast-main-header-display":"","ast-hfb-above-header-display":"","ast-hfb-below-header-display":"","ast-hfb-mobile-header-display":"","site-post-title":"","ast-breadcrumbs-content":"","ast-featured-img":"","footer-sml-layout":"","ast-disable-related-posts":"","theme-transparent-header-meta":"default","adv-header-id-meta":"","stick-header-meta":"default","header-above-stick-meta":"","header-main-stick-meta":"","header-below-stick-meta":"","astra-migrate-meta-layouts":"default","ast-page-background-enabled":"default","ast-page-background-meta":{"desktop":{"background-color":"","background-image":"","background-repeat":"repeat","background-position":"center center","background-size":"auto","background-attachment":"scroll","background-type":"","background-media":"","overlay-type":"","overlay-color":"","overlay-opacity":"","overlay-gradient":""},"tablet":{"background-color":"","background-image":"","background-repeat":"repeat","background-position":"center center","background-size":"auto","background-attachment":"scroll","background-type":"","background-media":"","overlay-type":"","overlay-color":"","overlay-opacity":"","overlay-gradient":""},"mobile":{"background-color":"","background-image":"","background-repeat":"repeat","background-position":"center center","background-size":"auto","background-attachment":"scroll","background-type":"","background-media":"","overlay-type":"","overlay-color":"","overlay-opacity":"","overlay-gradient":""}},"ast-content-background-meta":{"desktop":{"background-color":"var(--ast-global-color-5)","background-image":"","background-repeat":"repeat","background-position":"center center","background-size":"auto","background-attachment":"scroll","background-type":"","background-media":"","overlay-type":"","overlay-color":"","overlay-opacity":"","overlay-gradient":""},"tablet":{"background-color":"var(--ast-global-color-5)","background-image":"","background-repeat":"repeat","background-position":"center center","background-size":"auto","background-attachment":"scroll","background-type":"","background-media":"","overlay-type":"","overlay-color":"","overlay-opacity":"","overlay-gradient":""},"mobile":{"background-color":"var(--ast-global-color-5)","background-image":"","background-repeat":"repeat","background-position":"center center","background-size":"auto","background-attachment":"scroll","background-type":"","background-media":"","overlay-type":"","overlay-color":"","overlay-opacity":"","overlay-gradient":""}},"footnotes":""},"categories":[],"class_list":["post-673","page","type-page","status-publish","has-post-thumbnail","hentry"],"acf":[],"_links":{"self":[{"href":"https:\/\/transmog.goldgoblin.net\/de\/wp-json\/wp\/v2\/pages\/673","targetHints":{"allow":["GET"]}}],"collection":[{"href":"https:\/\/transmog.goldgoblin.net\/de\/wp-json\/wp\/v2\/pages"}],"about":[{"href":"https:\/\/transmog.goldgoblin.net\/de\/wp-json\/wp\/v2\/types\/page"}],"author":[{"embeddable":true,"href":"https:\/\/transmog.goldgoblin.net\/de\/wp-json\/wp\/v2\/users\/1"}],"replies":[{"embeddable":true,"href":"https:\/\/transmog.goldgoblin.net\/de\/wp-json\/wp\/v2\/comments?post=673"}],"version-history":[{"count":2,"href":"https:\/\/transmog.goldgoblin.net\/de\/wp-json\/wp\/v2\/pages\/673\/revisions"}],"predecessor-version":[{"id":3124,"href":"https:\/\/transmog.goldgoblin.net\/de\/wp-json\/wp\/v2\/pages\/673\/revisions\/3124"}],"wp:featuredmedia":[{"embeddable":true,"href":"https:\/\/transmog.goldgoblin.net\/de\/wp-json\/wp\/v2\/media\/2305"}],"wp:attachment":[{"href":"https:\/\/transmog.goldgoblin.net\/de\/wp-json\/wp\/v2\/media?parent=673"}],"wp:term":[{"taxonomy":"category","embeddable":true,"href":"https:\/\/transmog.goldgoblin.net\/de\/wp-json\/wp\/v2\/categories?post=673"}],"curies":[{"name":"wp","href":"https:\/\/api.w.org\/{rel}","templated":true}]}}